{"id":5417,"date":"2023-10-02T18:19:42","date_gmt":"2023-10-02T18:19:42","guid":{"rendered":"https:\/\/sanabriamatiz.com\/?page_id=5417"},"modified":"2023-10-17T16:47:29","modified_gmt":"2023-10-17T16:47:29","slug":"dr-alexander-perez-castillo","status":"publish","type":"page","link":"https:\/\/sanabriamatiz.com\/en\/dr-alexander-perez-castillo\/","title":{"rendered":"Dr. Alexander P\u00e9rez Castillo"},"content":{"rendered":"<div data-elementor-type=\"wp-page\" data-elementor-id=\"5417\" class=\"elementor elementor-5417\" data-elementor-post-type=\"page\">\n\t\t\t\t\t\t<div class=\"elementor-section elementor-top-section elementor-element elementor-element-b96f6c8 elementor-section-stretched elementor-section-full_width elementor-section-height-default elementor-section-height-default\" data-id=\"b96f6c8\" data-element_type=\"section\" data-settings=\"{&quot;background_background&quot;:&quot;classic&quot;,&quot;stretch_section&quot;:&quot;section-stretched&quot;}\">\n\t\t\t\t\t\t\t<div class=\"elementor-background-overlay\"><\/div>\n\t\t\t\t\t\t\t<div class=\"elementor-container elementor-column-gap-default\">\n\t\t\t\t\t<div class=\"elementor-column elementor-col-100 elementor-top-column elementor-element elementor-element-91d9e47\" data-id=\"91d9e47\" data-element_type=\"column\">\n\t\t\t<div class=\"elementor-widget-wrap elementor-element-populated\">\n\t\t\t\t\t\t<section class=\"elementor-section elementor-inner-section elementor-element elementor-element-04c1e05 elementor-section-boxed elementor-section-height-default elementor-section-height-default\" data-id=\"04c1e05\" data-element_type=\"section\">\n\t\t\t\t\t\t<div class=\"elementor-container elementor-column-gap-default\">\n\t\t\t\t\t<div class=\"elementor-column elementor-col-100 elementor-inner-column elementor-element elementor-element-08ffd93\" data-id=\"08ffd93\" data-element_type=\"column\">\n\t\t\t<div class=\"elementor-widget-wrap elementor-element-populated\">\n\t\t\t\t\t\t<div class=\"elementor-element elementor-element-cb90908 elementor-widget elementor-widget-spacer\" data-id=\"cb90908\" data-element_type=\"widget\" data-widget_type=\"spacer.default\">\n\t\t\t\t<div class=\"elementor-widget-container\">\n\t\t\t\t\t\t\t<div class=\"elementor-spacer\">\n\t\t\t<div class=\"elementor-spacer-inner\"><\/div>\n\t\t<\/div>\n\t\t\t\t\t\t<\/div>\n\t\t\t\t<\/div>\n\t\t\t\t<div class=\"elementor-element elementor-element-44c0709 elementor-invisible elementor-widget elementor-widget-heading\" data-id=\"44c0709\" data-element_type=\"widget\" data-settings=\"{&quot;_animation&quot;:&quot;fadeInLeft&quot;}\" data-widget_type=\"heading.default\">\n\t\t\t\t<div class=\"elementor-widget-container\">\n\t\t\t\t\t<h2 class=\"elementor-heading-title elementor-size-default\">Our Specialists<\/h2>\t\t\t\t<\/div>\n\t\t\t\t<\/div>\n\t\t\t\t\t<\/div>\n\t\t<\/div>\n\t\t\t\t\t<\/div>\n\t\t<\/section>\n\t\t\t\t\t<\/div>\n\t\t<\/div>\n\t\t\t\t\t<\/div>\n\t\t<\/div>\n\t\t\t\t<section class=\"elementor-section elementor-top-section elementor-element elementor-element-1bdabab elementor-section-content-middle elementor-section-boxed elementor-section-height-default elementor-section-height-default\" data-id=\"1bdabab\" data-element_type=\"section\">\n\t\t\t\t\t\t<div class=\"elementor-container elementor-column-gap-default\">\n\t\t\t\t\t<div class=\"elementor-column elementor-col-50 elementor-top-column elementor-element elementor-element-e158491\" data-id=\"e158491\" data-element_type=\"column\">\n\t\t\t<div class=\"elementor-widget-wrap elementor-element-populated\">\n\t\t\t\t\t\t<div class=\"elementor-element elementor-element-7c965d0 elementor-widget elementor-widget-image\" data-id=\"7c965d0\" data-element_type=\"widget\" data-widget_type=\"image.default\">\n\t\t\t\t<div class=\"elementor-widget-container\">\n\t\t\t\t\t\t\t\t\t\t\t\t\t\t\t<img fetchpriority=\"high\" decoding=\"async\" width=\"666\" height=\"949\" src=\"https:\/\/sanabriamatiz.com\/wp-content\/uploads\/2023\/02\/sanabriaDRE_7721-copia-2-e1677472003435.png\" class=\"attachment-full size-full wp-image-2226\" alt=\"\" srcset=\"https:\/\/sanabriamatiz.com\/wp-content\/uploads\/2023\/02\/sanabriaDRE_7721-copia-2-e1677472003435.png 666w, https:\/\/sanabriamatiz.com\/wp-content\/uploads\/2023\/02\/sanabriaDRE_7721-copia-2-e1677472003435-211x300.png 211w, https:\/\/sanabriamatiz.com\/wp-content\/uploads\/2023\/02\/sanabriaDRE_7721-copia-2-e1677472003435-600x855.png 600w\" sizes=\"(max-width: 666px) 100vw, 666px\" \/>\t\t\t\t\t\t\t\t\t\t\t\t\t\t\t<\/div>\n\t\t\t\t<\/div>\n\t\t\t\t\t<\/div>\n\t\t<\/div>\n\t\t\t\t<div class=\"elementor-column elementor-col-50 elementor-top-column elementor-element elementor-element-d0cc909\" data-id=\"d0cc909\" data-element_type=\"column\">\n\t\t\t<div class=\"elementor-widget-wrap elementor-element-populated\">\n\t\t\t\t\t\t<section class=\"elementor-section elementor-inner-section elementor-element elementor-element-5fd373e elementor-section-boxed elementor-section-height-default elementor-section-height-default\" data-id=\"5fd373e\" data-element_type=\"section\">\n\t\t\t\t\t\t<div class=\"elementor-container elementor-column-gap-no\">\n\t\t\t\t\t<div class=\"elementor-column elementor-col-50 elementor-inner-column elementor-element elementor-element-6f9a91c\" data-id=\"6f9a91c\" data-element_type=\"column\">\n\t\t\t<div class=\"elementor-widget-wrap elementor-element-populated\">\n\t\t\t\t\t\t<div class=\"elementor-element elementor-element-a6a7f32 elementor-widget elementor-widget-heading\" data-id=\"a6a7f32\" data-element_type=\"widget\" data-widget_type=\"heading.default\">\n\t\t\t\t<div class=\"elementor-widget-container\">\n\t\t\t\t\t<h2 class=\"elementor-heading-title elementor-size-default\">Dr. Alexander P\u00e9rez Castillo <\/h2>\t\t\t\t<\/div>\n\t\t\t\t<\/div>\n\t\t\t\t\t<\/div>\n\t\t<\/div>\n\t\t\t\t<div class=\"elementor-column elementor-col-50 elementor-inner-column elementor-element elementor-element-a1f9d2d\" data-id=\"a1f9d2d\" data-element_type=\"column\">\n\t\t\t<div class=\"elementor-widget-wrap\">\n\t\t\t\t\t\t\t<\/div>\n\t\t<\/div>\n\t\t\t\t\t<\/div>\n\t\t<\/section>\n\t\t\t\t<div class=\"elementor-element elementor-element-c402cf9 elementor-widget elementor-widget-heading\" data-id=\"c402cf9\" data-element_type=\"widget\" data-widget_type=\"heading.default\">\n\t\t\t\t<div class=\"elementor-widget-container\">\n\t\t\t\t\t<h2 class=\"elementor-heading-title elementor-size-default\">Endodontist<\/h2>\t\t\t\t<\/div>\n\t\t\t\t<\/div>\n\t\t\t\t<div class=\"elementor-element elementor-element-bbb807a elementor-widget elementor-widget-heading\" data-id=\"bbb807a\" data-element_type=\"widget\" data-widget_type=\"heading.default\">\n\t\t\t\t<div class=\"elementor-widget-container\">\n\t\t\t\t\t<h2 class=\"elementor-heading-title elementor-size-default\">Bosque University.<\/h2>\t\t\t\t<\/div>\n\t\t\t\t<\/div>\n\t\t\t\t<div class=\"elementor-element elementor-element-b66c97d elementor-widget elementor-widget-heading\" data-id=\"b66c97d\" data-element_type=\"widget\" data-widget_type=\"heading.default\">\n\t\t\t\t<div class=\"elementor-widget-container\">\n\t\t\t\t\t<h2 class=\"elementor-heading-title elementor-size-default\">Member Colombian Society of Endodontics.<\/h2>\t\t\t\t<\/div>\n\t\t\t\t<\/div>\n\t\t\t\t<div class=\"elementor-element elementor-element-6c4c8cc elementor-widget elementor-widget-heading\" data-id=\"6c4c8cc\" data-element_type=\"widget\" data-widget_type=\"heading.default\">\n\t\t\t\t<div class=\"elementor-widget-container\">\n\t\t\t\t\t<h2 class=\"elementor-heading-title elementor-size-default\">Member Association of endodontics Valle del Cauca<\/h2>\t\t\t\t<\/div>\n\t\t\t\t<\/div>\n\t\t\t\t<div class=\"elementor-element elementor-element-cfe6a16 elementor-widget elementor-widget-text-editor\" data-id=\"cfe6a16\" data-element_type=\"widget\" data-widget_type=\"text-editor.default\">\n\t\t\t\t<div class=\"elementor-widget-container\">\n\t\t\t\t\t\t\t\t\t<p><span style=\"font-weight: 400;\">My profession the I act with full responsibility, and are my patients the reason to be a better dentist, every day, I try to put myself in your place and give my best effort to make your experience at the consultation to be the most satisfactory. As a specialist in endodontics I&#039;ve seen it happen hundreds of patients with unpleasant experiences and pain, my greatest satisfaction is to ask them to change that expression of fear and pain one that fills me with happiness, and that is when I say: it is fantastic to not feel pain and save a tooth that seemed to be lost.<\/span><\/p>\t\t\t\t\t\t\t\t<\/div>\n\t\t\t\t<\/div>\n\t\t\t\t<div class=\"elementor-element elementor-element-fd5401a elementor-widget elementor-widget-spacer\" data-id=\"fd5401a\" data-element_type=\"widget\" data-widget_type=\"spacer.default\">\n\t\t\t\t<div class=\"elementor-widget-container\">\n\t\t\t\t\t\t\t<div class=\"elementor-spacer\">\n\t\t\t<div class=\"elementor-spacer-inner\"><\/div>\n\t\t<\/div>\n\t\t\t\t\t\t<\/div>\n\t\t\t\t<\/div>\n\t\t\t\t<div class=\"elementor-element elementor-element-1b7fb6d elementor-widget elementor-widget-spacer\" data-id=\"1b7fb6d\" data-element_type=\"widget\" data-widget_type=\"spacer.default\">\n\t\t\t\t<div class=\"elementor-widget-container\">\n\t\t\t\t\t\t\t<div class=\"elementor-spacer\">\n\t\t\t<div class=\"elementor-spacer-inner\"><\/div>\n\t\t<\/div>\n\t\t\t\t\t\t<\/div>\n\t\t\t\t<\/div>\n\t\t\t\t\t<\/div>\n\t\t<\/div>\n\t\t\t\t\t<\/div>\n\t\t<\/section>\n\t\t\t\t<\/div>","protected":false},"excerpt":{"rendered":"<p>Nuestros Especialistas Dr. Alexander P\u00e9rez Castillo Endodoncista Universidad El Bosque. Miembro Sociedad Colombiana de Endodoncia. Miembro Asociaci\u00f3n de endodoncia Del Valle del Cauca Mi profesi\u00f3n la ejerzo con total responsabilidad, y son mis pacientes la raz\u00f3n de ser un mejor odont\u00f3logo, cada d\u00eda, intento ponerme en su lugar y dar mi mayor esfuerzo para que&#8230;<\/p>","protected":false},"author":3,"featured_media":0,"parent":0,"menu_order":0,"comment_status":"closed","ping_status":"closed","template":"elementor_header_footer","meta":{"_acf_changed":false,"inline_featured_image":false,"_joinchat":[],"footnotes":""},"class_list":["post-5417","page","type-page","status-publish","hentry"],"acf":[],"yoast_head":"<!-- This site is optimized with the Yoast SEO plugin v26.9 - https:\/\/yoast.com\/product\/yoast-seo-wordpress\/ -->\n<title>Dr. Alexander P\u00e9rez Castillo - Sanabria Matiz<\/title>\n<meta name=\"robots\" content=\"index, follow, max-snippet:-1, max-image-preview:large, max-video-preview:-1\" \/>\n<link rel=\"canonical\" href=\"https:\/\/sanabriamatiz.com\/en\/dr-alexander-perez-castillo\/\" \/>\n<meta property=\"og:locale\" content=\"en_US\" \/>\n<meta property=\"og:type\" content=\"article\" \/>\n<meta property=\"og:title\" content=\"Dr. Alexander P\u00e9rez Castillo - Sanabria Matiz\" \/>\n<meta property=\"og:description\" content=\"Nuestros Especialistas Dr. Alexander P\u00e9rez Castillo Endodoncista Universidad El Bosque. Miembro Sociedad Colombiana de Endodoncia. Miembro Asociaci\u00f3n de endodoncia Del Valle del Cauca Mi profesi\u00f3n la ejerzo con total responsabilidad, y son mis pacientes la raz\u00f3n de ser un mejor odont\u00f3logo, cada d\u00eda, intento ponerme en su lugar y dar mi mayor esfuerzo para que...\" \/>\n<meta property=\"og:url\" content=\"https:\/\/sanabriamatiz.com\/en\/dr-alexander-perez-castillo\/\" \/>\n<meta property=\"og:site_name\" content=\"Sanabria Matiz\" \/>\n<meta property=\"article:modified_time\" content=\"2023-10-17T16:47:29+00:00\" \/>\n<meta property=\"og:image\" content=\"https:\/\/sanabriamatiz.com\/wp-content\/uploads\/2023\/02\/sanabriaDRE_7721-copia-2-e1677472003435.png\" \/>\n<meta name=\"twitter:card\" content=\"summary_large_image\" \/>\n<meta name=\"twitter:label1\" content=\"Est. reading time\" \/>\n\t<meta name=\"twitter:data1\" content=\"1 minute\" \/>\n<script type=\"application\/ld+json\" class=\"yoast-schema-graph\">{\"@context\":\"https:\/\/schema.org\",\"@graph\":[{\"@type\":\"WebPage\",\"@id\":\"https:\/\/sanabriamatiz.com\/dr-alexander-perez-castillo\/\",\"url\":\"https:\/\/sanabriamatiz.com\/dr-alexander-perez-castillo\/\",\"name\":\"Dr. Alexander P\u00e9rez Castillo - Sanabria Matiz\",\"isPartOf\":{\"@id\":\"https:\/\/sanabriamatiz.com\/#website\"},\"primaryImageOfPage\":{\"@id\":\"https:\/\/sanabriamatiz.com\/dr-alexander-perez-castillo\/#primaryimage\"},\"image\":{\"@id\":\"https:\/\/sanabriamatiz.com\/dr-alexander-perez-castillo\/#primaryimage\"},\"thumbnailUrl\":\"https:\/\/sanabriamatiz.com\/wp-content\/uploads\/2023\/02\/sanabriaDRE_7721-copia-2-e1677472003435.png\",\"datePublished\":\"2023-10-02T18:19:42+00:00\",\"dateModified\":\"2023-10-17T16:47:29+00:00\",\"breadcrumb\":{\"@id\":\"https:\/\/sanabriamatiz.com\/dr-alexander-perez-castillo\/#breadcrumb\"},\"inLanguage\":\"en-US\",\"potentialAction\":[{\"@type\":\"ReadAction\",\"target\":[\"https:\/\/sanabriamatiz.com\/dr-alexander-perez-castillo\/\"]}]},{\"@type\":\"ImageObject\",\"inLanguage\":\"en-US\",\"@id\":\"https:\/\/sanabriamatiz.com\/dr-alexander-perez-castillo\/#primaryimage\",\"url\":\"https:\/\/sanabriamatiz.com\/wp-content\/uploads\/2023\/02\/sanabriaDRE_7721-copia-2-e1677472003435.png\",\"contentUrl\":\"https:\/\/sanabriamatiz.com\/wp-content\/uploads\/2023\/02\/sanabriaDRE_7721-copia-2-e1677472003435.png\"},{\"@type\":\"BreadcrumbList\",\"@id\":\"https:\/\/sanabriamatiz.com\/dr-alexander-perez-castillo\/#breadcrumb\",\"itemListElement\":[{\"@type\":\"ListItem\",\"position\":1,\"name\":\"Home\",\"item\":\"https:\/\/sanabriamatiz.com\/\"},{\"@type\":\"ListItem\",\"position\":2,\"name\":\"Dr. Alexander P\u00e9rez Castillo\"}]},{\"@type\":\"WebSite\",\"@id\":\"https:\/\/sanabriamatiz.com\/#website\",\"url\":\"https:\/\/sanabriamatiz.com\/\",\"name\":\"Sanabria Matiz\",\"description\":\"Especialistas en rehabilitaci\u00f3n oral \",\"potentialAction\":[{\"@type\":\"SearchAction\",\"target\":{\"@type\":\"EntryPoint\",\"urlTemplate\":\"https:\/\/sanabriamatiz.com\/?s={search_term_string}\"},\"query-input\":{\"@type\":\"PropertyValueSpecification\",\"valueRequired\":true,\"valueName\":\"search_term_string\"}}],\"inLanguage\":\"en-US\"}]}<\/script>\n<!-- \/ Yoast SEO plugin. -->","yoast_head_json":{"title":"Dr. Alexander P\u00e9rez Castillo - Sanabria Matiz","robots":{"index":"index","follow":"follow","max-snippet":"max-snippet:-1","max-image-preview":"max-image-preview:large","max-video-preview":"max-video-preview:-1"},"canonical":"https:\/\/sanabriamatiz.com\/en\/dr-alexander-perez-castillo\/","og_locale":"en_US","og_type":"article","og_title":"Dr. Alexander P\u00e9rez Castillo - Sanabria Matiz","og_description":"Nuestros Especialistas Dr. Alexander P\u00e9rez Castillo Endodoncista Universidad El Bosque. Miembro Sociedad Colombiana de Endodoncia. Miembro Asociaci\u00f3n de endodoncia Del Valle del Cauca Mi profesi\u00f3n la ejerzo con total responsabilidad, y son mis pacientes la raz\u00f3n de ser un mejor odont\u00f3logo, cada d\u00eda, intento ponerme en su lugar y dar mi mayor esfuerzo para que...","og_url":"https:\/\/sanabriamatiz.com\/en\/dr-alexander-perez-castillo\/","og_site_name":"Sanabria Matiz","article_modified_time":"2023-10-17T16:47:29+00:00","og_image":[{"url":"https:\/\/sanabriamatiz.com\/wp-content\/uploads\/2023\/02\/sanabriaDRE_7721-copia-2-e1677472003435.png","type":"","width":"","height":""}],"twitter_card":"summary_large_image","twitter_misc":{"Est. reading time":"1 minute"},"schema":{"@context":"https:\/\/schema.org","@graph":[{"@type":"WebPage","@id":"https:\/\/sanabriamatiz.com\/dr-alexander-perez-castillo\/","url":"https:\/\/sanabriamatiz.com\/dr-alexander-perez-castillo\/","name":"Dr. Alexander P\u00e9rez Castillo - Sanabria Matiz","isPartOf":{"@id":"https:\/\/sanabriamatiz.com\/#website"},"primaryImageOfPage":{"@id":"https:\/\/sanabriamatiz.com\/dr-alexander-perez-castillo\/#primaryimage"},"image":{"@id":"https:\/\/sanabriamatiz.com\/dr-alexander-perez-castillo\/#primaryimage"},"thumbnailUrl":"https:\/\/sanabriamatiz.com\/wp-content\/uploads\/2023\/02\/sanabriaDRE_7721-copia-2-e1677472003435.png","datePublished":"2023-10-02T18:19:42+00:00","dateModified":"2023-10-17T16:47:29+00:00","breadcrumb":{"@id":"https:\/\/sanabriamatiz.com\/dr-alexander-perez-castillo\/#breadcrumb"},"inLanguage":"en-US","potentialAction":[{"@type":"ReadAction","target":["https:\/\/sanabriamatiz.com\/dr-alexander-perez-castillo\/"]}]},{"@type":"ImageObject","inLanguage":"en-US","@id":"https:\/\/sanabriamatiz.com\/dr-alexander-perez-castillo\/#primaryimage","url":"https:\/\/sanabriamatiz.com\/wp-content\/uploads\/2023\/02\/sanabriaDRE_7721-copia-2-e1677472003435.png","contentUrl":"https:\/\/sanabriamatiz.com\/wp-content\/uploads\/2023\/02\/sanabriaDRE_7721-copia-2-e1677472003435.png"},{"@type":"BreadcrumbList","@id":"https:\/\/sanabriamatiz.com\/dr-alexander-perez-castillo\/#breadcrumb","itemListElement":[{"@type":"ListItem","position":1,"name":"Home","item":"https:\/\/sanabriamatiz.com\/"},{"@type":"ListItem","position":2,"name":"Dr. Alexander P\u00e9rez Castillo"}]},{"@type":"WebSite","@id":"https:\/\/sanabriamatiz.com\/#website","url":"https:\/\/sanabriamatiz.com\/","name":"Sanabria Matiz","description":"Especialistas en rehabilitaci\u00f3n oral ","potentialAction":[{"@type":"SearchAction","target":{"@type":"EntryPoint","urlTemplate":"https:\/\/sanabriamatiz.com\/?s={search_term_string}"},"query-input":{"@type":"PropertyValueSpecification","valueRequired":true,"valueName":"search_term_string"}}],"inLanguage":"en-US"}]}},"_links":{"self":[{"href":"https:\/\/sanabriamatiz.com\/en\/wp-json\/wp\/v2\/pages\/5417","targetHints":{"allow":["GET"]}}],"collection":[{"href":"https:\/\/sanabriamatiz.com\/en\/wp-json\/wp\/v2\/pages"}],"about":[{"href":"https:\/\/sanabriamatiz.com\/en\/wp-json\/wp\/v2\/types\/page"}],"author":[{"embeddable":true,"href":"https:\/\/sanabriamatiz.com\/en\/wp-json\/wp\/v2\/users\/3"}],"replies":[{"embeddable":true,"href":"https:\/\/sanabriamatiz.com\/en\/wp-json\/wp\/v2\/comments?post=5417"}],"version-history":[{"count":10,"href":"https:\/\/sanabriamatiz.com\/en\/wp-json\/wp\/v2\/pages\/5417\/revisions"}],"predecessor-version":[{"id":5550,"href":"https:\/\/sanabriamatiz.com\/en\/wp-json\/wp\/v2\/pages\/5417\/revisions\/5550"}],"wp:attachment":[{"href":"https:\/\/sanabriamatiz.com\/en\/wp-json\/wp\/v2\/media?parent=5417"}],"curies":[{"name":"wp","href":"https:\/\/api.w.org\/{rel}","templated":true}]}}