{"id":4164,"date":"2023-04-11T18:37:53","date_gmt":"2023-04-11T18:37:53","guid":{"rendered":"https:\/\/sanabriamatiz.com\/?page_id=4164"},"modified":"2023-11-14T22:14:37","modified_gmt":"2023-11-14T22:14:37","slug":"odontologia-general","status":"publish","type":"page","link":"https:\/\/sanabriamatiz.com\/en\/odontologia-general\/","title":{"rendered":"General dentistry"},"content":{"rendered":"<div data-elementor-type=\"wp-page\" data-elementor-id=\"4164\" class=\"elementor elementor-4164\" data-elementor-post-type=\"page\">\n\t\t\t\t\t\t<\/div>","protected":false},"excerpt":{"rendered":"<p>Rehabilitaci\u00f3n Oral Implantolog\u00eda Dise\u00f1o de Sonrisa Cirug\u00eda Oral y Maxilofacial Endodoncia Ortodoncia Periodoncia Odontopediatr\u00eda Salud e Higiene Oral Odontolog\u00eda General +57 (602) 2316363 +57 317\u00a07582016 Descargar Informacion del servicio Odontolog\u00eda general Nuestra odontolog\u00eda general\u00a0 tiene un enfoque multidisciplinario, en donde cuidamos de tu salud oral de manera integral y preventiva. Con nuestra amplia gama de&#8230;<\/p>","protected":false},"author":1,"featured_media":0,"parent":0,"menu_order":0,"comment_status":"closed","ping_status":"closed","template":"elementor_header_footer","meta":{"_acf_changed":false,"inline_featured_image":false,"_joinchat":[],"footnotes":""},"class_list":["post-4164","page","type-page","status-publish","hentry"],"acf":[],"yoast_head":"<!-- This site is optimized with the Yoast SEO plugin v26.9 - https:\/\/yoast.com\/product\/yoast-seo-wordpress\/ -->\n<title>Odontolog\u00eda general - Sanabria Matiz<\/title>\n<meta name=\"robots\" content=\"index, follow, max-snippet:-1, max-image-preview:large, max-video-preview:-1\" \/>\n<link rel=\"canonical\" href=\"https:\/\/sanabriamatiz.com\/en\/odontologia-general\/\" \/>\n<meta property=\"og:locale\" content=\"en_US\" \/>\n<meta property=\"og:type\" content=\"article\" \/>\n<meta property=\"og:title\" content=\"Odontolog\u00eda general - Sanabria Matiz\" \/>\n<meta property=\"og:description\" content=\"Rehabilitaci\u00f3n Oral Implantolog\u00eda Dise\u00f1o de Sonrisa Cirug\u00eda Oral y Maxilofacial Endodoncia Ortodoncia Periodoncia Odontopediatr\u00eda Salud e Higiene Oral Odontolog\u00eda General +57 (602) 2316363 +57 317\u00a07582016 Descargar Informacion del servicio Odontolog\u00eda general Nuestra odontolog\u00eda general\u00a0 tiene un enfoque multidisciplinario, en donde cuidamos de tu salud oral de manera integral y preventiva. Con nuestra amplia gama de...\" \/>\n<meta property=\"og:url\" content=\"https:\/\/sanabriamatiz.com\/en\/odontologia-general\/\" \/>\n<meta property=\"og:site_name\" content=\"Sanabria Matiz\" \/>\n<meta property=\"article:modified_time\" content=\"2023-11-14T22:14:37+00:00\" \/>\n<meta property=\"og:image\" content=\"https:\/\/sanabriamatiz.com\/wp-content\/uploads\/2023\/02\/smiling-female-dentist-dental-clinic-JBF6ZRX.jpg\" \/>\n<meta name=\"twitter:card\" content=\"summary_large_image\" \/>\n<meta name=\"twitter:label1\" content=\"Est. reading time\" \/>\n\t<meta name=\"twitter:data1\" content=\"3 minutes\" \/>\n<script type=\"application\/ld+json\" class=\"yoast-schema-graph\">{\"@context\":\"https:\/\/schema.org\",\"@graph\":[{\"@type\":\"WebPage\",\"@id\":\"https:\/\/sanabriamatiz.com\/odontologia-general\/\",\"url\":\"https:\/\/sanabriamatiz.com\/odontologia-general\/\",\"name\":\"Odontolog\u00eda general - Sanabria Matiz\",\"isPartOf\":{\"@id\":\"https:\/\/sanabriamatiz.com\/#website\"},\"primaryImageOfPage\":{\"@id\":\"https:\/\/sanabriamatiz.com\/odontologia-general\/#primaryimage\"},\"image\":{\"@id\":\"https:\/\/sanabriamatiz.com\/odontologia-general\/#primaryimage\"},\"thumbnailUrl\":\"https:\/\/sanabriamatiz.com\/wp-content\/uploads\/2023\/02\/smiling-female-dentist-dental-clinic-JBF6ZRX.jpg\",\"datePublished\":\"2023-04-11T18:37:53+00:00\",\"dateModified\":\"2023-11-14T22:14:37+00:00\",\"breadcrumb\":{\"@id\":\"https:\/\/sanabriamatiz.com\/odontologia-general\/#breadcrumb\"},\"inLanguage\":\"en-US\",\"potentialAction\":[{\"@type\":\"ReadAction\",\"target\":[\"https:\/\/sanabriamatiz.com\/odontologia-general\/\"]}]},{\"@type\":\"ImageObject\",\"inLanguage\":\"en-US\",\"@id\":\"https:\/\/sanabriamatiz.com\/odontologia-general\/#primaryimage\",\"url\":\"https:\/\/sanabriamatiz.com\/wp-content\/uploads\/2023\/02\/smiling-female-dentist-dental-clinic-JBF6ZRX.jpg\",\"contentUrl\":\"https:\/\/sanabriamatiz.com\/wp-content\/uploads\/2023\/02\/smiling-female-dentist-dental-clinic-JBF6ZRX.jpg\"},{\"@type\":\"BreadcrumbList\",\"@id\":\"https:\/\/sanabriamatiz.com\/odontologia-general\/#breadcrumb\",\"itemListElement\":[{\"@type\":\"ListItem\",\"position\":1,\"name\":\"Home\",\"item\":\"https:\/\/sanabriamatiz.com\/\"},{\"@type\":\"ListItem\",\"position\":2,\"name\":\"Odontolog\u00eda general\"}]},{\"@type\":\"WebSite\",\"@id\":\"https:\/\/sanabriamatiz.com\/#website\",\"url\":\"https:\/\/sanabriamatiz.com\/\",\"name\":\"Sanabria Matiz\",\"description\":\"Especialistas en rehabilitaci\u00f3n oral \",\"potentialAction\":[{\"@type\":\"SearchAction\",\"target\":{\"@type\":\"EntryPoint\",\"urlTemplate\":\"https:\/\/sanabriamatiz.com\/?s={search_term_string}\"},\"query-input\":{\"@type\":\"PropertyValueSpecification\",\"valueRequired\":true,\"valueName\":\"search_term_string\"}}],\"inLanguage\":\"en-US\"}]}<\/script>\n<!-- \/ Yoast SEO plugin. -->","yoast_head_json":{"title":"Odontolog\u00eda general - Sanabria Matiz","robots":{"index":"index","follow":"follow","max-snippet":"max-snippet:-1","max-image-preview":"max-image-preview:large","max-video-preview":"max-video-preview:-1"},"canonical":"https:\/\/sanabriamatiz.com\/en\/odontologia-general\/","og_locale":"en_US","og_type":"article","og_title":"Odontolog\u00eda general - Sanabria Matiz","og_description":"Rehabilitaci\u00f3n Oral Implantolog\u00eda Dise\u00f1o de Sonrisa Cirug\u00eda Oral y Maxilofacial Endodoncia Ortodoncia Periodoncia Odontopediatr\u00eda Salud e Higiene Oral Odontolog\u00eda General +57 (602) 2316363 +57 317\u00a07582016 Descargar Informacion del servicio Odontolog\u00eda general Nuestra odontolog\u00eda general\u00a0 tiene un enfoque multidisciplinario, en donde cuidamos de tu salud oral de manera integral y preventiva. Con nuestra amplia gama de...","og_url":"https:\/\/sanabriamatiz.com\/en\/odontologia-general\/","og_site_name":"Sanabria Matiz","article_modified_time":"2023-11-14T22:14:37+00:00","og_image":[{"url":"https:\/\/sanabriamatiz.com\/wp-content\/uploads\/2023\/02\/smiling-female-dentist-dental-clinic-JBF6ZRX.jpg","type":"","width":"","height":""}],"twitter_card":"summary_large_image","twitter_misc":{"Est. reading time":"3 minutes"},"schema":{"@context":"https:\/\/schema.org","@graph":[{"@type":"WebPage","@id":"https:\/\/sanabriamatiz.com\/odontologia-general\/","url":"https:\/\/sanabriamatiz.com\/odontologia-general\/","name":"Odontolog\u00eda general - Sanabria Matiz","isPartOf":{"@id":"https:\/\/sanabriamatiz.com\/#website"},"primaryImageOfPage":{"@id":"https:\/\/sanabriamatiz.com\/odontologia-general\/#primaryimage"},"image":{"@id":"https:\/\/sanabriamatiz.com\/odontologia-general\/#primaryimage"},"thumbnailUrl":"https:\/\/sanabriamatiz.com\/wp-content\/uploads\/2023\/02\/smiling-female-dentist-dental-clinic-JBF6ZRX.jpg","datePublished":"2023-04-11T18:37:53+00:00","dateModified":"2023-11-14T22:14:37+00:00","breadcrumb":{"@id":"https:\/\/sanabriamatiz.com\/odontologia-general\/#breadcrumb"},"inLanguage":"en-US","potentialAction":[{"@type":"ReadAction","target":["https:\/\/sanabriamatiz.com\/odontologia-general\/"]}]},{"@type":"ImageObject","inLanguage":"en-US","@id":"https:\/\/sanabriamatiz.com\/odontologia-general\/#primaryimage","url":"https:\/\/sanabriamatiz.com\/wp-content\/uploads\/2023\/02\/smiling-female-dentist-dental-clinic-JBF6ZRX.jpg","contentUrl":"https:\/\/sanabriamatiz.com\/wp-content\/uploads\/2023\/02\/smiling-female-dentist-dental-clinic-JBF6ZRX.jpg"},{"@type":"BreadcrumbList","@id":"https:\/\/sanabriamatiz.com\/odontologia-general\/#breadcrumb","itemListElement":[{"@type":"ListItem","position":1,"name":"Home","item":"https:\/\/sanabriamatiz.com\/"},{"@type":"ListItem","position":2,"name":"Odontolog\u00eda general"}]},{"@type":"WebSite","@id":"https:\/\/sanabriamatiz.com\/#website","url":"https:\/\/sanabriamatiz.com\/","name":"Sanabria Matiz","description":"Especialistas en rehabilitaci\u00f3n oral ","potentialAction":[{"@type":"SearchAction","target":{"@type":"EntryPoint","urlTemplate":"https:\/\/sanabriamatiz.com\/?s={search_term_string}"},"query-input":{"@type":"PropertyValueSpecification","valueRequired":true,"valueName":"search_term_string"}}],"inLanguage":"en-US"}]}},"_links":{"self":[{"href":"https:\/\/sanabriamatiz.com\/en\/wp-json\/wp\/v2\/pages\/4164","targetHints":{"allow":["GET"]}}],"collection":[{"href":"https:\/\/sanabriamatiz.com\/en\/wp-json\/wp\/v2\/pages"}],"about":[{"href":"https:\/\/sanabriamatiz.com\/en\/wp-json\/wp\/v2\/types\/page"}],"author":[{"embeddable":true,"href":"https:\/\/sanabriamatiz.com\/en\/wp-json\/wp\/v2\/users\/1"}],"replies":[{"embeddable":true,"href":"https:\/\/sanabriamatiz.com\/en\/wp-json\/wp\/v2\/comments?post=4164"}],"version-history":[{"count":35,"href":"https:\/\/sanabriamatiz.com\/en\/wp-json\/wp\/v2\/pages\/4164\/revisions"}],"predecessor-version":[{"id":5811,"href":"https:\/\/sanabriamatiz.com\/en\/wp-json\/wp\/v2\/pages\/4164\/revisions\/5811"}],"wp:attachment":[{"href":"https:\/\/sanabriamatiz.com\/en\/wp-json\/wp\/v2\/media?parent=4164"}],"curies":[{"name":"wp","href":"https:\/\/api.w.org\/{rel}","templated":true}]}}