{"id":4143,"date":"2023-04-11T18:27:42","date_gmt":"2023-04-11T18:27:42","guid":{"rendered":"https:\/\/sanabriamatiz.com\/?page_id=4143"},"modified":"2023-11-15T14:49:22","modified_gmt":"2023-11-15T14:49:22","slug":"endodoncia","status":"publish","type":"page","link":"https:\/\/sanabriamatiz.com\/en\/endodoncia\/","title":{"rendered":"Endodontics"},"content":{"rendered":"<div data-elementor-type=\"wp-page\" data-elementor-id=\"4143\" class=\"elementor elementor-4143\" data-elementor-post-type=\"page\">\n\t\t\t\t\t\t<\/div>","protected":false},"excerpt":{"rendered":"<p>Rehabilitaci\u00f3n Oral Implantolog\u00eda Dise\u00f1o de Sonrisa Cirug\u00eda Oral y Maxilofacial Endodoncia Ortodoncia Periodoncia Odontopediatr\u00eda Salud e Higiene Oral Odontolog\u00eda General +57 (602) 2316363 +57 317\u00a07582016 Descargar Informacion del servicio Endodoncia En SANABRIA MATIZ somos especialistas en restaurar sonrisas.\u00a0 \u00bfPuedo recuperar un diente lesionado o afectado por una caries extensa ?\u00a1Por supuesto! La Endodoncia o tambi\u00e9n&#8230;<\/p>","protected":false},"author":1,"featured_media":0,"parent":0,"menu_order":0,"comment_status":"closed","ping_status":"closed","template":"elementor_header_footer","meta":{"_acf_changed":false,"inline_featured_image":false,"_joinchat":[],"footnotes":""},"class_list":["post-4143","page","type-page","status-publish","hentry"],"acf":[],"yoast_head":"<!-- This site is optimized with the Yoast SEO plugin v26.9 - https:\/\/yoast.com\/product\/yoast-seo-wordpress\/ -->\n<title>Endodoncia - Sanabria Matiz<\/title>\n<meta name=\"robots\" content=\"index, follow, max-snippet:-1, max-image-preview:large, max-video-preview:-1\" \/>\n<link rel=\"canonical\" href=\"https:\/\/sanabriamatiz.com\/en\/endodoncia\/\" \/>\n<meta property=\"og:locale\" content=\"en_US\" \/>\n<meta property=\"og:type\" content=\"article\" \/>\n<meta property=\"og:title\" content=\"Endodoncia - Sanabria Matiz\" \/>\n<meta property=\"og:description\" content=\"Rehabilitaci\u00f3n Oral Implantolog\u00eda Dise\u00f1o de Sonrisa Cirug\u00eda Oral y Maxilofacial Endodoncia Ortodoncia Periodoncia Odontopediatr\u00eda Salud e Higiene Oral Odontolog\u00eda General +57 (602) 2316363 +57 317\u00a07582016 Descargar Informacion del servicio Endodoncia En SANABRIA MATIZ somos especialistas en restaurar sonrisas.\u00a0 \u00bfPuedo recuperar un diente lesionado o afectado por una caries extensa ?\u00a1Por supuesto! La Endodoncia o tambi\u00e9n...\" \/>\n<meta property=\"og:url\" content=\"https:\/\/sanabriamatiz.com\/en\/endodoncia\/\" \/>\n<meta property=\"og:site_name\" content=\"Sanabria Matiz\" \/>\n<meta property=\"article:modified_time\" content=\"2023-11-15T14:49:22+00:00\" \/>\n<meta property=\"og:image\" content=\"https:\/\/sanabriamatiz.com\/wp-content\/uploads\/2023\/02\/smiling-female-dentist-dental-clinic-JBF6ZRX.jpg\" \/>\n<meta name=\"twitter:card\" content=\"summary_large_image\" \/>\n<meta name=\"twitter:label1\" content=\"Est. reading time\" \/>\n\t<meta name=\"twitter:data1\" content=\"4 minutes\" \/>\n<script type=\"application\/ld+json\" class=\"yoast-schema-graph\">{\"@context\":\"https:\/\/schema.org\",\"@graph\":[{\"@type\":\"WebPage\",\"@id\":\"https:\/\/sanabriamatiz.com\/endodoncia\/\",\"url\":\"https:\/\/sanabriamatiz.com\/endodoncia\/\",\"name\":\"Endodoncia - Sanabria Matiz\",\"isPartOf\":{\"@id\":\"https:\/\/sanabriamatiz.com\/#website\"},\"primaryImageOfPage\":{\"@id\":\"https:\/\/sanabriamatiz.com\/endodoncia\/#primaryimage\"},\"image\":{\"@id\":\"https:\/\/sanabriamatiz.com\/endodoncia\/#primaryimage\"},\"thumbnailUrl\":\"https:\/\/sanabriamatiz.com\/wp-content\/uploads\/2023\/02\/smiling-female-dentist-dental-clinic-JBF6ZRX.jpg\",\"datePublished\":\"2023-04-11T18:27:42+00:00\",\"dateModified\":\"2023-11-15T14:49:22+00:00\",\"breadcrumb\":{\"@id\":\"https:\/\/sanabriamatiz.com\/endodoncia\/#breadcrumb\"},\"inLanguage\":\"en-US\",\"potentialAction\":[{\"@type\":\"ReadAction\",\"target\":[\"https:\/\/sanabriamatiz.com\/endodoncia\/\"]}]},{\"@type\":\"ImageObject\",\"inLanguage\":\"en-US\",\"@id\":\"https:\/\/sanabriamatiz.com\/endodoncia\/#primaryimage\",\"url\":\"https:\/\/sanabriamatiz.com\/wp-content\/uploads\/2023\/02\/smiling-female-dentist-dental-clinic-JBF6ZRX.jpg\",\"contentUrl\":\"https:\/\/sanabriamatiz.com\/wp-content\/uploads\/2023\/02\/smiling-female-dentist-dental-clinic-JBF6ZRX.jpg\"},{\"@type\":\"BreadcrumbList\",\"@id\":\"https:\/\/sanabriamatiz.com\/endodoncia\/#breadcrumb\",\"itemListElement\":[{\"@type\":\"ListItem\",\"position\":1,\"name\":\"Home\",\"item\":\"https:\/\/sanabriamatiz.com\/\"},{\"@type\":\"ListItem\",\"position\":2,\"name\":\"Endodoncia\"}]},{\"@type\":\"WebSite\",\"@id\":\"https:\/\/sanabriamatiz.com\/#website\",\"url\":\"https:\/\/sanabriamatiz.com\/\",\"name\":\"Sanabria Matiz\",\"description\":\"Especialistas en rehabilitaci\u00f3n oral \",\"potentialAction\":[{\"@type\":\"SearchAction\",\"target\":{\"@type\":\"EntryPoint\",\"urlTemplate\":\"https:\/\/sanabriamatiz.com\/?s={search_term_string}\"},\"query-input\":{\"@type\":\"PropertyValueSpecification\",\"valueRequired\":true,\"valueName\":\"search_term_string\"}}],\"inLanguage\":\"en-US\"}]}<\/script>\n<!-- \/ Yoast SEO plugin. -->","yoast_head_json":{"title":"Endodoncia - Sanabria Matiz","robots":{"index":"index","follow":"follow","max-snippet":"max-snippet:-1","max-image-preview":"max-image-preview:large","max-video-preview":"max-video-preview:-1"},"canonical":"https:\/\/sanabriamatiz.com\/en\/endodoncia\/","og_locale":"en_US","og_type":"article","og_title":"Endodoncia - Sanabria Matiz","og_description":"Rehabilitaci\u00f3n Oral Implantolog\u00eda Dise\u00f1o de Sonrisa Cirug\u00eda Oral y Maxilofacial Endodoncia Ortodoncia Periodoncia Odontopediatr\u00eda Salud e Higiene Oral Odontolog\u00eda General +57 (602) 2316363 +57 317\u00a07582016 Descargar Informacion del servicio Endodoncia En SANABRIA MATIZ somos especialistas en restaurar sonrisas.\u00a0 \u00bfPuedo recuperar un diente lesionado o afectado por una caries extensa ?\u00a1Por supuesto! La Endodoncia o tambi\u00e9n...","og_url":"https:\/\/sanabriamatiz.com\/en\/endodoncia\/","og_site_name":"Sanabria Matiz","article_modified_time":"2023-11-15T14:49:22+00:00","og_image":[{"url":"https:\/\/sanabriamatiz.com\/wp-content\/uploads\/2023\/02\/smiling-female-dentist-dental-clinic-JBF6ZRX.jpg","type":"","width":"","height":""}],"twitter_card":"summary_large_image","twitter_misc":{"Est. reading time":"4 minutes"},"schema":{"@context":"https:\/\/schema.org","@graph":[{"@type":"WebPage","@id":"https:\/\/sanabriamatiz.com\/endodoncia\/","url":"https:\/\/sanabriamatiz.com\/endodoncia\/","name":"Endodoncia - Sanabria Matiz","isPartOf":{"@id":"https:\/\/sanabriamatiz.com\/#website"},"primaryImageOfPage":{"@id":"https:\/\/sanabriamatiz.com\/endodoncia\/#primaryimage"},"image":{"@id":"https:\/\/sanabriamatiz.com\/endodoncia\/#primaryimage"},"thumbnailUrl":"https:\/\/sanabriamatiz.com\/wp-content\/uploads\/2023\/02\/smiling-female-dentist-dental-clinic-JBF6ZRX.jpg","datePublished":"2023-04-11T18:27:42+00:00","dateModified":"2023-11-15T14:49:22+00:00","breadcrumb":{"@id":"https:\/\/sanabriamatiz.com\/endodoncia\/#breadcrumb"},"inLanguage":"en-US","potentialAction":[{"@type":"ReadAction","target":["https:\/\/sanabriamatiz.com\/endodoncia\/"]}]},{"@type":"ImageObject","inLanguage":"en-US","@id":"https:\/\/sanabriamatiz.com\/endodoncia\/#primaryimage","url":"https:\/\/sanabriamatiz.com\/wp-content\/uploads\/2023\/02\/smiling-female-dentist-dental-clinic-JBF6ZRX.jpg","contentUrl":"https:\/\/sanabriamatiz.com\/wp-content\/uploads\/2023\/02\/smiling-female-dentist-dental-clinic-JBF6ZRX.jpg"},{"@type":"BreadcrumbList","@id":"https:\/\/sanabriamatiz.com\/endodoncia\/#breadcrumb","itemListElement":[{"@type":"ListItem","position":1,"name":"Home","item":"https:\/\/sanabriamatiz.com\/"},{"@type":"ListItem","position":2,"name":"Endodoncia"}]},{"@type":"WebSite","@id":"https:\/\/sanabriamatiz.com\/#website","url":"https:\/\/sanabriamatiz.com\/","name":"Sanabria Matiz","description":"Especialistas en rehabilitaci\u00f3n oral ","potentialAction":[{"@type":"SearchAction","target":{"@type":"EntryPoint","urlTemplate":"https:\/\/sanabriamatiz.com\/?s={search_term_string}"},"query-input":{"@type":"PropertyValueSpecification","valueRequired":true,"valueName":"search_term_string"}}],"inLanguage":"en-US"}]}},"_links":{"self":[{"href":"https:\/\/sanabriamatiz.com\/en\/wp-json\/wp\/v2\/pages\/4143","targetHints":{"allow":["GET"]}}],"collection":[{"href":"https:\/\/sanabriamatiz.com\/en\/wp-json\/wp\/v2\/pages"}],"about":[{"href":"https:\/\/sanabriamatiz.com\/en\/wp-json\/wp\/v2\/types\/page"}],"author":[{"embeddable":true,"href":"https:\/\/sanabriamatiz.com\/en\/wp-json\/wp\/v2\/users\/1"}],"replies":[{"embeddable":true,"href":"https:\/\/sanabriamatiz.com\/en\/wp-json\/wp\/v2\/comments?post=4143"}],"version-history":[{"count":47,"href":"https:\/\/sanabriamatiz.com\/en\/wp-json\/wp\/v2\/pages\/4143\/revisions"}],"predecessor-version":[{"id":5817,"href":"https:\/\/sanabriamatiz.com\/en\/wp-json\/wp\/v2\/pages\/4143\/revisions\/5817"}],"wp:attachment":[{"href":"https:\/\/sanabriamatiz.com\/en\/wp-json\/wp\/v2\/media?parent=4143"}],"curies":[{"name":"wp","href":"https:\/\/api.w.org\/{rel}","templated":true}]}}