{"id":3542,"date":"2023-03-10T15:25:46","date_gmt":"2023-03-10T15:25:46","guid":{"rendered":"https:\/\/sanabriamatiz.com\/?page_id=3542"},"modified":"2023-10-27T15:19:33","modified_gmt":"2023-10-27T15:19:33","slug":"dra-lina-maria-aristizabal-gaviria","status":"publish","type":"page","link":"https:\/\/sanabriamatiz.com\/en\/dra-lina-maria-aristizabal-gaviria\/","title":{"rendered":"Dr. Lina Maria Aristizabal Gaviria"},"content":{"rendered":"<div data-elementor-type=\"wp-page\" data-elementor-id=\"3542\" class=\"elementor elementor-3542\" data-elementor-post-type=\"page\">\n\t\t\t\t\t\t<div class=\"elementor-section elementor-top-section elementor-element elementor-element-fe48c5c elementor-section-stretched elementor-section-full_width elementor-section-height-default elementor-section-height-default\" data-id=\"fe48c5c\" data-element_type=\"section\" data-settings=\"{&quot;background_background&quot;:&quot;classic&quot;,&quot;stretch_section&quot;:&quot;section-stretched&quot;}\">\n\t\t\t\t\t\t\t<div class=\"elementor-background-overlay\"><\/div>\n\t\t\t\t\t\t\t<div class=\"elementor-container elementor-column-gap-default\">\n\t\t\t\t\t<div class=\"elementor-column elementor-col-100 elementor-top-column elementor-element elementor-element-8812b13\" data-id=\"8812b13\" data-element_type=\"column\">\n\t\t\t<div class=\"elementor-widget-wrap elementor-element-populated\">\n\t\t\t\t\t\t<section class=\"elementor-section elementor-inner-section elementor-element elementor-element-f19bc30 elementor-section-boxed elementor-section-height-default elementor-section-height-default\" data-id=\"f19bc30\" data-element_type=\"section\">\n\t\t\t\t\t\t<div class=\"elementor-container elementor-column-gap-default\">\n\t\t\t\t\t<div class=\"elementor-column elementor-col-100 elementor-inner-column elementor-element elementor-element-acaffba\" data-id=\"acaffba\" data-element_type=\"column\">\n\t\t\t<div class=\"elementor-widget-wrap elementor-element-populated\">\n\t\t\t\t\t\t<div class=\"elementor-element elementor-element-0244e16 elementor-widget elementor-widget-spacer\" data-id=\"0244e16\" data-element_type=\"widget\" data-widget_type=\"spacer.default\">\n\t\t\t\t<div class=\"elementor-widget-container\">\n\t\t\t\t\t\t\t<div class=\"elementor-spacer\">\n\t\t\t<div class=\"elementor-spacer-inner\"><\/div>\n\t\t<\/div>\n\t\t\t\t\t\t<\/div>\n\t\t\t\t<\/div>\n\t\t\t\t<div class=\"elementor-element elementor-element-be05d5c elementor-invisible elementor-widget elementor-widget-heading\" data-id=\"be05d5c\" data-element_type=\"widget\" data-settings=\"{&quot;_animation&quot;:&quot;fadeInLeft&quot;}\" data-widget_type=\"heading.default\">\n\t\t\t\t<div class=\"elementor-widget-container\">\n\t\t\t\t\t<h2 class=\"elementor-heading-title elementor-size-default\">Our Specialists<\/h2>\t\t\t\t<\/div>\n\t\t\t\t<\/div>\n\t\t\t\t\t<\/div>\n\t\t<\/div>\n\t\t\t\t\t<\/div>\n\t\t<\/section>\n\t\t\t\t\t<\/div>\n\t\t<\/div>\n\t\t\t\t\t<\/div>\n\t\t<\/div>\n\t\t\t\t<section class=\"elementor-section elementor-top-section elementor-element elementor-element-298f015 elementor-section-content-middle elementor-section-boxed elementor-section-height-default elementor-section-height-default\" data-id=\"298f015\" data-element_type=\"section\">\n\t\t\t\t\t\t<div class=\"elementor-container elementor-column-gap-default\">\n\t\t\t\t\t<div class=\"elementor-column elementor-col-50 elementor-top-column elementor-element elementor-element-c753788\" data-id=\"c753788\" data-element_type=\"column\">\n\t\t\t<div class=\"elementor-widget-wrap elementor-element-populated\">\n\t\t\t\t\t\t<div class=\"elementor-element elementor-element-b33452b elementor-widget__width-initial elementor-widget elementor-widget-image\" data-id=\"b33452b\" data-element_type=\"widget\" data-widget_type=\"image.default\">\n\t\t\t\t<div class=\"elementor-widget-container\">\n\t\t\t\t\t\t\t\t\t\t\t\t\t\t\t<img fetchpriority=\"high\" decoding=\"async\" width=\"458\" height=\"1024\" src=\"https:\/\/sanabriamatiz.com\/wp-content\/uploads\/2023\/10\/DRE_7657-FONDO-BLANCO.jpg\" class=\"attachment-full size-full wp-image-5683\" alt=\"\" srcset=\"https:\/\/sanabriamatiz.com\/wp-content\/uploads\/2023\/10\/DRE_7657-FONDO-BLANCO.jpg 458w, https:\/\/sanabriamatiz.com\/wp-content\/uploads\/2023\/10\/DRE_7657-FONDO-BLANCO-134x300.jpg 134w\" sizes=\"(max-width: 458px) 100vw, 458px\" \/>\t\t\t\t\t\t\t\t\t\t\t\t\t\t\t<\/div>\n\t\t\t\t<\/div>\n\t\t\t\t\t<\/div>\n\t\t<\/div>\n\t\t\t\t<div class=\"elementor-column elementor-col-50 elementor-top-column elementor-element elementor-element-1452fcc\" data-id=\"1452fcc\" data-element_type=\"column\">\n\t\t\t<div class=\"elementor-widget-wrap elementor-element-populated\">\n\t\t\t\t\t\t<section class=\"elementor-section elementor-inner-section elementor-element elementor-element-59b961f elementor-section-boxed elementor-section-height-default elementor-section-height-default\" data-id=\"59b961f\" data-element_type=\"section\">\n\t\t\t\t\t\t<div class=\"elementor-container elementor-column-gap-no\">\n\t\t\t\t\t<div class=\"elementor-column elementor-col-100 elementor-inner-column elementor-element elementor-element-1ff650a\" data-id=\"1ff650a\" data-element_type=\"column\">\n\t\t\t<div class=\"elementor-widget-wrap elementor-element-populated\">\n\t\t\t\t\t\t<div class=\"elementor-element elementor-element-ebe5315 elementor-widget elementor-widget-heading\" data-id=\"ebe5315\" data-element_type=\"widget\" data-widget_type=\"heading.default\">\n\t\t\t\t<div class=\"elementor-widget-container\">\n\t\t\t\t\t<h2 class=\"elementor-heading-title elementor-size-default\">Dr. Lina Maria Aristizabal Gaviria <\/h2>\t\t\t\t<\/div>\n\t\t\t\t<\/div>\n\t\t\t\t\t<\/div>\n\t\t<\/div>\n\t\t\t\t\t<\/div>\n\t\t<\/section>\n\t\t\t\t<div class=\"elementor-element elementor-element-80735a8 elementor-widget elementor-widget-heading\" data-id=\"80735a8\" data-element_type=\"widget\" data-widget_type=\"heading.default\">\n\t\t\t\t<div class=\"elementor-widget-container\">\n\t\t\t\t\t<h2 class=\"elementor-heading-title elementor-size-default\">Pediatric Dentistry and Maxillary Orthopedics <\/h2>\t\t\t\t<\/div>\n\t\t\t\t<\/div>\n\t\t\t\t<div class=\"elementor-element elementor-element-7d61ad2 elementor-widget elementor-widget-heading\" data-id=\"7d61ad2\" data-element_type=\"widget\" data-widget_type=\"heading.default\">\n\t\t\t\t<div class=\"elementor-widget-container\">\n\t\t\t\t\t<h2 class=\"elementor-heading-title elementor-size-default\">University Of The Valley<\/h2>\t\t\t\t<\/div>\n\t\t\t\t<\/div>\n\t\t\t\t<div class=\"elementor-element elementor-element-002b03f elementor-widget elementor-widget-heading\" data-id=\"002b03f\" data-element_type=\"widget\" data-widget_type=\"heading.default\">\n\t\t\t\t<div class=\"elementor-widget-container\">\n\t\t\t\t\t<h2 class=\"elementor-heading-title elementor-size-default\">Colombian association Of Pediatrics and Orthopedics<\/h2>\t\t\t\t<\/div>\n\t\t\t\t<\/div>\n\t\t\t\t<div class=\"elementor-element elementor-element-e23b8c3 elementor-widget elementor-widget-text-editor\" data-id=\"e23b8c3\" data-element_type=\"widget\" data-widget_type=\"text-editor.default\">\n\t\t\t\t<div class=\"elementor-widget-container\">\n\t\t\t\t\t\t\t\t\t<p>As a professional, I offer to my dear patients my knowledge and experiences giving my best in each treatment, raising awareness to each guardian and patient the importance of oral health, which will bring in healthy children healthy adults. Each day I am filled with the smiles and love of my beloved patients.<\/p>\t\t\t\t\t\t\t\t<\/div>\n\t\t\t\t<\/div>\n\t\t\t\t\t<\/div>\n\t\t<\/div>\n\t\t\t\t\t<\/div>\n\t\t<\/section>\n\t\t\t\t<\/div>","protected":false},"excerpt":{"rendered":"<p>Reserva una cita Nuestros Especialistas Dra. Lina Mar\u00eda Aristiz\u00e1bal Gaviria Odontolog\u00eda Pedi\u00e1trica y Ortopedia Maxilar Universidad Del Valle Asociaci\u00f3n Colombiana De Pediatr\u00eda y Ortopedia Como profesional, brindo a mis queridos pacientes mis conocimientos y experiencias dando lo mejor de mi en cada tratamiento, sensibilizando a cada acudiente y paciente la importancia de la salud oral,&#8230;<\/p>","protected":false},"author":1,"featured_media":0,"parent":0,"menu_order":0,"comment_status":"closed","ping_status":"closed","template":"elementor_canvas","meta":{"_acf_changed":false,"inline_featured_image":false,"_joinchat":[],"footnotes":""},"class_list":["post-3542","page","type-page","status-publish","hentry"],"acf":[],"yoast_head":"<!-- This site is optimized with the Yoast SEO plugin v26.9 - https:\/\/yoast.com\/product\/yoast-seo-wordpress\/ -->\n<title>Dra. Lina Mar\u00eda Aristiz\u00e1bal Gaviria - Sanabria Matiz<\/title>\n<meta name=\"robots\" content=\"index, follow, max-snippet:-1, max-image-preview:large, max-video-preview:-1\" \/>\n<link rel=\"canonical\" href=\"https:\/\/sanabriamatiz.com\/en\/dra-lina-maria-aristizabal-gaviria\/\" \/>\n<meta property=\"og:locale\" content=\"en_US\" \/>\n<meta property=\"og:type\" content=\"article\" \/>\n<meta property=\"og:title\" content=\"Dra. Lina Mar\u00eda Aristiz\u00e1bal Gaviria - Sanabria Matiz\" \/>\n<meta property=\"og:description\" content=\"Reserva una cita Nuestros Especialistas Dra. Lina Mar\u00eda Aristiz\u00e1bal Gaviria Odontolog\u00eda Pedi\u00e1trica y Ortopedia Maxilar Universidad Del Valle Asociaci\u00f3n Colombiana De Pediatr\u00eda y Ortopedia Como profesional, brindo a mis queridos pacientes mis conocimientos y experiencias dando lo mejor de mi en cada tratamiento, sensibilizando a cada acudiente y paciente la importancia de la salud oral,...\" \/>\n<meta property=\"og:url\" content=\"https:\/\/sanabriamatiz.com\/en\/dra-lina-maria-aristizabal-gaviria\/\" \/>\n<meta property=\"og:site_name\" content=\"Sanabria Matiz\" \/>\n<meta property=\"article:modified_time\" content=\"2023-10-27T15:19:33+00:00\" \/>\n<meta property=\"og:image\" content=\"https:\/\/sanabriamatiz.com\/wp-content\/uploads\/2023\/04\/LOGO-V1.png\" \/>\n<meta name=\"twitter:card\" content=\"summary_large_image\" \/>\n<meta name=\"twitter:label1\" content=\"Est. reading time\" \/>\n\t<meta name=\"twitter:data1\" content=\"3 minutes\" \/>\n<script type=\"application\/ld+json\" class=\"yoast-schema-graph\">{\"@context\":\"https:\/\/schema.org\",\"@graph\":[{\"@type\":\"WebPage\",\"@id\":\"https:\/\/sanabriamatiz.com\/dra-lina-maria-aristizabal-gaviria\/\",\"url\":\"https:\/\/sanabriamatiz.com\/dra-lina-maria-aristizabal-gaviria\/\",\"name\":\"Dra. Lina Mar\u00eda Aristiz\u00e1bal Gaviria - Sanabria Matiz\",\"isPartOf\":{\"@id\":\"https:\/\/sanabriamatiz.com\/#website\"},\"primaryImageOfPage\":{\"@id\":\"https:\/\/sanabriamatiz.com\/dra-lina-maria-aristizabal-gaviria\/#primaryimage\"},\"image\":{\"@id\":\"https:\/\/sanabriamatiz.com\/dra-lina-maria-aristizabal-gaviria\/#primaryimage\"},\"thumbnailUrl\":\"https:\/\/sanabriamatiz.com\/wp-content\/uploads\/2023\/04\/LOGO-V1.png\",\"datePublished\":\"2023-03-10T15:25:46+00:00\",\"dateModified\":\"2023-10-27T15:19:33+00:00\",\"breadcrumb\":{\"@id\":\"https:\/\/sanabriamatiz.com\/dra-lina-maria-aristizabal-gaviria\/#breadcrumb\"},\"inLanguage\":\"en-US\",\"potentialAction\":[{\"@type\":\"ReadAction\",\"target\":[\"https:\/\/sanabriamatiz.com\/dra-lina-maria-aristizabal-gaviria\/\"]}]},{\"@type\":\"ImageObject\",\"inLanguage\":\"en-US\",\"@id\":\"https:\/\/sanabriamatiz.com\/dra-lina-maria-aristizabal-gaviria\/#primaryimage\",\"url\":\"https:\/\/sanabriamatiz.com\/wp-content\/uploads\/2023\/04\/LOGO-V1.png\",\"contentUrl\":\"https:\/\/sanabriamatiz.com\/wp-content\/uploads\/2023\/04\/LOGO-V1.png\"},{\"@type\":\"BreadcrumbList\",\"@id\":\"https:\/\/sanabriamatiz.com\/dra-lina-maria-aristizabal-gaviria\/#breadcrumb\",\"itemListElement\":[{\"@type\":\"ListItem\",\"position\":1,\"name\":\"Home\",\"item\":\"https:\/\/sanabriamatiz.com\/\"},{\"@type\":\"ListItem\",\"position\":2,\"name\":\"Dra. Lina Mar\u00eda Aristiz\u00e1bal Gaviria\"}]},{\"@type\":\"WebSite\",\"@id\":\"https:\/\/sanabriamatiz.com\/#website\",\"url\":\"https:\/\/sanabriamatiz.com\/\",\"name\":\"Sanabria Matiz\",\"description\":\"Especialistas en rehabilitaci\u00f3n oral \",\"potentialAction\":[{\"@type\":\"SearchAction\",\"target\":{\"@type\":\"EntryPoint\",\"urlTemplate\":\"https:\/\/sanabriamatiz.com\/?s={search_term_string}\"},\"query-input\":{\"@type\":\"PropertyValueSpecification\",\"valueRequired\":true,\"valueName\":\"search_term_string\"}}],\"inLanguage\":\"en-US\"}]}<\/script>\n<!-- \/ Yoast SEO plugin. -->","yoast_head_json":{"title":"Dra. Lina Mar\u00eda Aristiz\u00e1bal Gaviria - Sanabria Matiz","robots":{"index":"index","follow":"follow","max-snippet":"max-snippet:-1","max-image-preview":"max-image-preview:large","max-video-preview":"max-video-preview:-1"},"canonical":"https:\/\/sanabriamatiz.com\/en\/dra-lina-maria-aristizabal-gaviria\/","og_locale":"en_US","og_type":"article","og_title":"Dra. Lina Mar\u00eda Aristiz\u00e1bal Gaviria - Sanabria Matiz","og_description":"Reserva una cita Nuestros Especialistas Dra. Lina Mar\u00eda Aristiz\u00e1bal Gaviria Odontolog\u00eda Pedi\u00e1trica y Ortopedia Maxilar Universidad Del Valle Asociaci\u00f3n Colombiana De Pediatr\u00eda y Ortopedia Como profesional, brindo a mis queridos pacientes mis conocimientos y experiencias dando lo mejor de mi en cada tratamiento, sensibilizando a cada acudiente y paciente la importancia de la salud oral,...","og_url":"https:\/\/sanabriamatiz.com\/en\/dra-lina-maria-aristizabal-gaviria\/","og_site_name":"Sanabria Matiz","article_modified_time":"2023-10-27T15:19:33+00:00","og_image":[{"url":"https:\/\/sanabriamatiz.com\/wp-content\/uploads\/2023\/04\/LOGO-V1.png","type":"","width":"","height":""}],"twitter_card":"summary_large_image","twitter_misc":{"Est. reading time":"3 minutes"},"schema":{"@context":"https:\/\/schema.org","@graph":[{"@type":"WebPage","@id":"https:\/\/sanabriamatiz.com\/dra-lina-maria-aristizabal-gaviria\/","url":"https:\/\/sanabriamatiz.com\/dra-lina-maria-aristizabal-gaviria\/","name":"Dra. Lina Mar\u00eda Aristiz\u00e1bal Gaviria - Sanabria Matiz","isPartOf":{"@id":"https:\/\/sanabriamatiz.com\/#website"},"primaryImageOfPage":{"@id":"https:\/\/sanabriamatiz.com\/dra-lina-maria-aristizabal-gaviria\/#primaryimage"},"image":{"@id":"https:\/\/sanabriamatiz.com\/dra-lina-maria-aristizabal-gaviria\/#primaryimage"},"thumbnailUrl":"https:\/\/sanabriamatiz.com\/wp-content\/uploads\/2023\/04\/LOGO-V1.png","datePublished":"2023-03-10T15:25:46+00:00","dateModified":"2023-10-27T15:19:33+00:00","breadcrumb":{"@id":"https:\/\/sanabriamatiz.com\/dra-lina-maria-aristizabal-gaviria\/#breadcrumb"},"inLanguage":"en-US","potentialAction":[{"@type":"ReadAction","target":["https:\/\/sanabriamatiz.com\/dra-lina-maria-aristizabal-gaviria\/"]}]},{"@type":"ImageObject","inLanguage":"en-US","@id":"https:\/\/sanabriamatiz.com\/dra-lina-maria-aristizabal-gaviria\/#primaryimage","url":"https:\/\/sanabriamatiz.com\/wp-content\/uploads\/2023\/04\/LOGO-V1.png","contentUrl":"https:\/\/sanabriamatiz.com\/wp-content\/uploads\/2023\/04\/LOGO-V1.png"},{"@type":"BreadcrumbList","@id":"https:\/\/sanabriamatiz.com\/dra-lina-maria-aristizabal-gaviria\/#breadcrumb","itemListElement":[{"@type":"ListItem","position":1,"name":"Home","item":"https:\/\/sanabriamatiz.com\/"},{"@type":"ListItem","position":2,"name":"Dra. Lina Mar\u00eda Aristiz\u00e1bal Gaviria"}]},{"@type":"WebSite","@id":"https:\/\/sanabriamatiz.com\/#website","url":"https:\/\/sanabriamatiz.com\/","name":"Sanabria Matiz","description":"Especialistas en rehabilitaci\u00f3n oral ","potentialAction":[{"@type":"SearchAction","target":{"@type":"EntryPoint","urlTemplate":"https:\/\/sanabriamatiz.com\/?s={search_term_string}"},"query-input":{"@type":"PropertyValueSpecification","valueRequired":true,"valueName":"search_term_string"}}],"inLanguage":"en-US"}]}},"_links":{"self":[{"href":"https:\/\/sanabriamatiz.com\/en\/wp-json\/wp\/v2\/pages\/3542","targetHints":{"allow":["GET"]}}],"collection":[{"href":"https:\/\/sanabriamatiz.com\/en\/wp-json\/wp\/v2\/pages"}],"about":[{"href":"https:\/\/sanabriamatiz.com\/en\/wp-json\/wp\/v2\/types\/page"}],"author":[{"embeddable":true,"href":"https:\/\/sanabriamatiz.com\/en\/wp-json\/wp\/v2\/users\/1"}],"replies":[{"embeddable":true,"href":"https:\/\/sanabriamatiz.com\/en\/wp-json\/wp\/v2\/comments?post=3542"}],"version-history":[{"count":14,"href":"https:\/\/sanabriamatiz.com\/en\/wp-json\/wp\/v2\/pages\/3542\/revisions"}],"predecessor-version":[{"id":5686,"href":"https:\/\/sanabriamatiz.com\/en\/wp-json\/wp\/v2\/pages\/3542\/revisions\/5686"}],"wp:attachment":[{"href":"https:\/\/sanabriamatiz.com\/en\/wp-json\/wp\/v2\/media?parent=3542"}],"curies":[{"name":"wp","href":"https:\/\/api.w.org\/{rel}","templated":true}]}}