{"id":3505,"date":"2023-03-10T14:57:30","date_gmt":"2023-03-10T14:57:30","guid":{"rendered":"https:\/\/sanabriamatiz.com\/?page_id=3505"},"modified":"2023-10-02T21:56:57","modified_gmt":"2023-10-02T21:56:57","slug":"dr-gustavo-adolfo-valencia-gonzales","status":"publish","type":"page","link":"https:\/\/sanabriamatiz.com\/en\/dr-gustavo-adolfo-valencia-gonzales\/","title":{"rendered":"Dr. Gustavo Adolfo Valencia Gonzales"},"content":{"rendered":"<div data-elementor-type=\"wp-page\" data-elementor-id=\"3505\" class=\"elementor elementor-3505\" data-elementor-post-type=\"page\">\n\t\t\t\t\t\t<div class=\"elementor-section elementor-top-section elementor-element elementor-element-894587b elementor-section-stretched elementor-section-full_width elementor-section-height-default elementor-section-height-default\" data-id=\"894587b\" data-element_type=\"section\" data-settings=\"{&quot;background_background&quot;:&quot;classic&quot;,&quot;stretch_section&quot;:&quot;section-stretched&quot;}\">\n\t\t\t\t\t\t\t<div class=\"elementor-background-overlay\"><\/div>\n\t\t\t\t\t\t\t<div class=\"elementor-container elementor-column-gap-default\">\n\t\t\t\t\t<div class=\"elementor-column elementor-col-100 elementor-top-column elementor-element elementor-element-0c6cb35\" data-id=\"0c6cb35\" data-element_type=\"column\">\n\t\t\t<div class=\"elementor-widget-wrap elementor-element-populated\">\n\t\t\t\t\t\t<section class=\"elementor-section elementor-inner-section elementor-element elementor-element-18499db elementor-section-boxed elementor-section-height-default elementor-section-height-default\" data-id=\"18499db\" data-element_type=\"section\">\n\t\t\t\t\t\t<div class=\"elementor-container elementor-column-gap-default\">\n\t\t\t\t\t<div class=\"elementor-column elementor-col-100 elementor-inner-column elementor-element elementor-element-17cfac3\" data-id=\"17cfac3\" data-element_type=\"column\">\n\t\t\t<div class=\"elementor-widget-wrap elementor-element-populated\">\n\t\t\t\t\t\t<div class=\"elementor-element elementor-element-6c36408 elementor-widget elementor-widget-spacer\" data-id=\"6c36408\" data-element_type=\"widget\" data-widget_type=\"spacer.default\">\n\t\t\t\t<div class=\"elementor-widget-container\">\n\t\t\t\t\t\t\t<div class=\"elementor-spacer\">\n\t\t\t<div class=\"elementor-spacer-inner\"><\/div>\n\t\t<\/div>\n\t\t\t\t\t\t<\/div>\n\t\t\t\t<\/div>\n\t\t\t\t<div class=\"elementor-element elementor-element-7feaa6e elementor-invisible elementor-widget elementor-widget-heading\" data-id=\"7feaa6e\" data-element_type=\"widget\" data-settings=\"{&quot;_animation&quot;:&quot;fadeInLeft&quot;}\" data-widget_type=\"heading.default\">\n\t\t\t\t<div class=\"elementor-widget-container\">\n\t\t\t\t\t<h2 class=\"elementor-heading-title elementor-size-default\">Our Specialists<\/h2>\t\t\t\t<\/div>\n\t\t\t\t<\/div>\n\t\t\t\t\t<\/div>\n\t\t<\/div>\n\t\t\t\t\t<\/div>\n\t\t<\/section>\n\t\t\t\t\t<\/div>\n\t\t<\/div>\n\t\t\t\t\t<\/div>\n\t\t<\/div>\n\t\t\t\t<section class=\"elementor-section elementor-top-section elementor-element elementor-element-0e18a1c elementor-section-content-middle elementor-section-boxed elementor-section-height-default elementor-section-height-default\" data-id=\"0e18a1c\" data-element_type=\"section\">\n\t\t\t\t\t\t<div class=\"elementor-container elementor-column-gap-default\">\n\t\t\t\t\t<div class=\"elementor-column elementor-col-50 elementor-top-column elementor-element elementor-element-5d742de\" data-id=\"5d742de\" data-element_type=\"column\">\n\t\t\t<div class=\"elementor-widget-wrap elementor-element-populated\">\n\t\t\t\t\t\t<div class=\"elementor-element elementor-element-80e713a elementor-widget elementor-widget-image\" data-id=\"80e713a\" data-element_type=\"widget\" data-widget_type=\"image.default\">\n\t\t\t\t<div class=\"elementor-widget-container\">\n\t\t\t\t\t\t\t\t\t\t\t\t\t\t\t<img fetchpriority=\"high\" decoding=\"async\" width=\"759\" height=\"1098\" src=\"https:\/\/sanabriamatiz.com\/wp-content\/uploads\/2023\/02\/sanabriaDRE_7956-copia-2-e1678460335678.png\" class=\"attachment-full size-full wp-image-2229\" alt=\"\" srcset=\"https:\/\/sanabriamatiz.com\/wp-content\/uploads\/2023\/02\/sanabriaDRE_7956-copia-2-e1678460335678.png 759w, https:\/\/sanabriamatiz.com\/wp-content\/uploads\/2023\/02\/sanabriaDRE_7956-copia-2-e1678460335678-207x300.png 207w, https:\/\/sanabriamatiz.com\/wp-content\/uploads\/2023\/02\/sanabriaDRE_7956-copia-2-e1678460335678-708x1024.png 708w, https:\/\/sanabriamatiz.com\/wp-content\/uploads\/2023\/02\/sanabriaDRE_7956-copia-2-e1678460335678-600x868.png 600w\" sizes=\"(max-width: 759px) 100vw, 759px\" \/>\t\t\t\t\t\t\t\t\t\t\t\t\t\t\t<\/div>\n\t\t\t\t<\/div>\n\t\t\t\t\t<\/div>\n\t\t<\/div>\n\t\t\t\t<div class=\"elementor-column elementor-col-50 elementor-top-column elementor-element elementor-element-111cd99\" data-id=\"111cd99\" data-element_type=\"column\">\n\t\t\t<div class=\"elementor-widget-wrap elementor-element-populated\">\n\t\t\t\t\t\t<section class=\"elementor-section elementor-inner-section elementor-element elementor-element-1011970 elementor-section-boxed elementor-section-height-default elementor-section-height-default\" data-id=\"1011970\" data-element_type=\"section\">\n\t\t\t\t\t\t<div class=\"elementor-container elementor-column-gap-no\">\n\t\t\t\t\t<div class=\"elementor-column elementor-col-50 elementor-inner-column elementor-element elementor-element-09f2e61\" data-id=\"09f2e61\" data-element_type=\"column\">\n\t\t\t<div class=\"elementor-widget-wrap elementor-element-populated\">\n\t\t\t\t\t\t<div class=\"elementor-element elementor-element-53c8e49 elementor-widget elementor-widget-heading\" data-id=\"53c8e49\" data-element_type=\"widget\" data-widget_type=\"heading.default\">\n\t\t\t\t<div class=\"elementor-widget-container\">\n\t\t\t\t\t<h2 class=\"elementor-heading-title elementor-size-default\">Dr. Gustavo Adolfo Valencia Gonzales<\/h2>\t\t\t\t<\/div>\n\t\t\t\t<\/div>\n\t\t\t\t\t<\/div>\n\t\t<\/div>\n\t\t\t\t<div class=\"elementor-column elementor-col-50 elementor-inner-column elementor-element elementor-element-e2fea17\" data-id=\"e2fea17\" data-element_type=\"column\">\n\t\t\t<div class=\"elementor-widget-wrap\">\n\t\t\t\t\t\t\t<\/div>\n\t\t<\/div>\n\t\t\t\t\t<\/div>\n\t\t<\/section>\n\t\t\t\t<div class=\"elementor-element elementor-element-398fd9a elementor-widget elementor-widget-heading\" data-id=\"398fd9a\" data-element_type=\"widget\" data-widget_type=\"heading.default\">\n\t\t\t\t<div class=\"elementor-widget-container\">\n\t\t\t\t\t<h2 class=\"elementor-heading-title elementor-size-default\">Orthodontist<\/h2>\t\t\t\t<\/div>\n\t\t\t\t<\/div>\n\t\t\t\t<div class=\"elementor-element elementor-element-7e2dfa9 elementor-widget elementor-widget-heading\" data-id=\"7e2dfa9\" data-element_type=\"widget\" data-widget_type=\"heading.default\">\n\t\t\t\t<div class=\"elementor-widget-container\">\n\t\t\t\t\t<h2 class=\"elementor-heading-title elementor-size-default\">National University Of Colombia <\/h2>\t\t\t\t<\/div>\n\t\t\t\t<\/div>\n\t\t\t\t<div class=\"elementor-element elementor-element-5f4b747 elementor-widget elementor-widget-heading\" data-id=\"5f4b747\" data-element_type=\"widget\" data-widget_type=\"heading.default\">\n\t\t\t\t<div class=\"elementor-widget-container\">\n\t\t\t\t\t<h2 class=\"elementor-heading-title elementor-size-default\">Colombian Association Of Orthodontics.<\/h2>\t\t\t\t<\/div>\n\t\t\t\t<\/div>\n\t\t\t\t<div class=\"elementor-element elementor-element-59bf343 elementor-widget elementor-widget-text-editor\" data-id=\"59bf343\" data-element_type=\"widget\" data-widget_type=\"text-editor.default\">\n\t\t\t\t<div class=\"elementor-widget-container\">\n\t\t\t\t\t\t\t\t\t<p>The key to any profession clinic is empathy; during my nearly 20 years of experience as a dentist\/orthodontist I have tried to provide the maximum of my knowledge, working in a human form and ethics, focusing and examining each case fully to provide a better treatment so as to achieve the required objectives.<\/p><p>Orthodontics has been my passion and it fills me with satisfaction to achieve smiles that help to improve and increase the self-esteem, and personality of each patient<strong>.<\/strong><\/p>\t\t\t\t\t\t\t\t<\/div>\n\t\t\t\t<\/div>\n\t\t\t\t\t<\/div>\n\t\t<\/div>\n\t\t\t\t\t<\/div>\n\t\t<\/section>\n\t\t\t\t<\/div>","protected":false},"excerpt":{"rendered":"<p>Nuestros Especialistas Dr. Gustavo Adolfo Valencia Gonzales Ortodoncista Universidad Nacional De Colombia Asociaci\u00f3n Colombiana De Ortodoncia. La clave para cualquier profesi\u00f3n cl\u00ednica es la empat\u00eda; durante mis casi 20 a\u00f1os de experiencia como odont\u00f3logo\/ortodoncista he tratado de brindar al m\u00e1ximo mi conocimiento, trabajando de forma humana y \u00e9tica, enfoc\u00e1ndome y examinando cada caso integralmente para&#8230;<\/p>","protected":false},"author":1,"featured_media":0,"parent":0,"menu_order":0,"comment_status":"closed","ping_status":"closed","template":"elementor_header_footer","meta":{"_acf_changed":false,"inline_featured_image":false,"_joinchat":[],"footnotes":""},"class_list":["post-3505","page","type-page","status-publish","hentry"],"acf":[],"yoast_head":"<!-- This site is optimized with the Yoast SEO plugin v26.9 - https:\/\/yoast.com\/product\/yoast-seo-wordpress\/ -->\n<title>Dr. Gustavo Adolfo Valencia Gonzales - Sanabria Matiz<\/title>\n<meta name=\"robots\" content=\"index, follow, max-snippet:-1, max-image-preview:large, max-video-preview:-1\" \/>\n<link rel=\"canonical\" href=\"https:\/\/sanabriamatiz.com\/en\/dr-gustavo-adolfo-valencia-gonzales\/\" \/>\n<meta property=\"og:locale\" content=\"en_US\" \/>\n<meta property=\"og:type\" content=\"article\" \/>\n<meta property=\"og:title\" content=\"Dr. Gustavo Adolfo Valencia Gonzales - Sanabria Matiz\" \/>\n<meta property=\"og:description\" content=\"Nuestros Especialistas Dr. Gustavo Adolfo Valencia Gonzales Ortodoncista Universidad Nacional De Colombia Asociaci\u00f3n Colombiana De Ortodoncia. La clave para cualquier profesi\u00f3n cl\u00ednica es la empat\u00eda; durante mis casi 20 a\u00f1os de experiencia como odont\u00f3logo\/ortodoncista he tratado de brindar al m\u00e1ximo mi conocimiento, trabajando de forma humana y \u00e9tica, enfoc\u00e1ndome y examinando cada caso integralmente para...\" \/>\n<meta property=\"og:url\" content=\"https:\/\/sanabriamatiz.com\/en\/dr-gustavo-adolfo-valencia-gonzales\/\" \/>\n<meta property=\"og:site_name\" content=\"Sanabria Matiz\" \/>\n<meta property=\"article:modified_time\" content=\"2023-10-02T21:56:57+00:00\" \/>\n<meta property=\"og:image\" content=\"https:\/\/sanabriamatiz.com\/wp-content\/uploads\/2023\/02\/sanabriaDRE_7956-copia-2-e1678460335678.png\" \/>\n<meta name=\"twitter:card\" content=\"summary_large_image\" \/>\n<meta name=\"twitter:label1\" content=\"Est. reading time\" \/>\n\t<meta name=\"twitter:data1\" content=\"1 minute\" \/>\n<script type=\"application\/ld+json\" class=\"yoast-schema-graph\">{\"@context\":\"https:\/\/schema.org\",\"@graph\":[{\"@type\":\"WebPage\",\"@id\":\"https:\/\/sanabriamatiz.com\/dr-gustavo-adolfo-valencia-gonzales\/\",\"url\":\"https:\/\/sanabriamatiz.com\/dr-gustavo-adolfo-valencia-gonzales\/\",\"name\":\"Dr. Gustavo Adolfo Valencia Gonzales - Sanabria Matiz\",\"isPartOf\":{\"@id\":\"https:\/\/sanabriamatiz.com\/#website\"},\"primaryImageOfPage\":{\"@id\":\"https:\/\/sanabriamatiz.com\/dr-gustavo-adolfo-valencia-gonzales\/#primaryimage\"},\"image\":{\"@id\":\"https:\/\/sanabriamatiz.com\/dr-gustavo-adolfo-valencia-gonzales\/#primaryimage\"},\"thumbnailUrl\":\"https:\/\/sanabriamatiz.com\/wp-content\/uploads\/2023\/02\/sanabriaDRE_7956-copia-2-e1678460335678.png\",\"datePublished\":\"2023-03-10T14:57:30+00:00\",\"dateModified\":\"2023-10-02T21:56:57+00:00\",\"breadcrumb\":{\"@id\":\"https:\/\/sanabriamatiz.com\/dr-gustavo-adolfo-valencia-gonzales\/#breadcrumb\"},\"inLanguage\":\"en-US\",\"potentialAction\":[{\"@type\":\"ReadAction\",\"target\":[\"https:\/\/sanabriamatiz.com\/dr-gustavo-adolfo-valencia-gonzales\/\"]}]},{\"@type\":\"ImageObject\",\"inLanguage\":\"en-US\",\"@id\":\"https:\/\/sanabriamatiz.com\/dr-gustavo-adolfo-valencia-gonzales\/#primaryimage\",\"url\":\"https:\/\/sanabriamatiz.com\/wp-content\/uploads\/2023\/02\/sanabriaDRE_7956-copia-2-e1678460335678.png\",\"contentUrl\":\"https:\/\/sanabriamatiz.com\/wp-content\/uploads\/2023\/02\/sanabriaDRE_7956-copia-2-e1678460335678.png\"},{\"@type\":\"BreadcrumbList\",\"@id\":\"https:\/\/sanabriamatiz.com\/dr-gustavo-adolfo-valencia-gonzales\/#breadcrumb\",\"itemListElement\":[{\"@type\":\"ListItem\",\"position\":1,\"name\":\"Home\",\"item\":\"https:\/\/sanabriamatiz.com\/\"},{\"@type\":\"ListItem\",\"position\":2,\"name\":\"Dr. Gustavo Adolfo Valencia Gonzales\"}]},{\"@type\":\"WebSite\",\"@id\":\"https:\/\/sanabriamatiz.com\/#website\",\"url\":\"https:\/\/sanabriamatiz.com\/\",\"name\":\"Sanabria Matiz\",\"description\":\"Especialistas en rehabilitaci\u00f3n oral \",\"potentialAction\":[{\"@type\":\"SearchAction\",\"target\":{\"@type\":\"EntryPoint\",\"urlTemplate\":\"https:\/\/sanabriamatiz.com\/?s={search_term_string}\"},\"query-input\":{\"@type\":\"PropertyValueSpecification\",\"valueRequired\":true,\"valueName\":\"search_term_string\"}}],\"inLanguage\":\"en-US\"}]}<\/script>\n<!-- \/ Yoast SEO plugin. -->","yoast_head_json":{"title":"Dr. Gustavo Adolfo Valencia Gonzales - Sanabria Matiz","robots":{"index":"index","follow":"follow","max-snippet":"max-snippet:-1","max-image-preview":"max-image-preview:large","max-video-preview":"max-video-preview:-1"},"canonical":"https:\/\/sanabriamatiz.com\/en\/dr-gustavo-adolfo-valencia-gonzales\/","og_locale":"en_US","og_type":"article","og_title":"Dr. Gustavo Adolfo Valencia Gonzales - Sanabria Matiz","og_description":"Nuestros Especialistas Dr. Gustavo Adolfo Valencia Gonzales Ortodoncista Universidad Nacional De Colombia Asociaci\u00f3n Colombiana De Ortodoncia. La clave para cualquier profesi\u00f3n cl\u00ednica es la empat\u00eda; durante mis casi 20 a\u00f1os de experiencia como odont\u00f3logo\/ortodoncista he tratado de brindar al m\u00e1ximo mi conocimiento, trabajando de forma humana y \u00e9tica, enfoc\u00e1ndome y examinando cada caso integralmente para...","og_url":"https:\/\/sanabriamatiz.com\/en\/dr-gustavo-adolfo-valencia-gonzales\/","og_site_name":"Sanabria Matiz","article_modified_time":"2023-10-02T21:56:57+00:00","og_image":[{"url":"https:\/\/sanabriamatiz.com\/wp-content\/uploads\/2023\/02\/sanabriaDRE_7956-copia-2-e1678460335678.png","type":"","width":"","height":""}],"twitter_card":"summary_large_image","twitter_misc":{"Est. reading time":"1 minute"},"schema":{"@context":"https:\/\/schema.org","@graph":[{"@type":"WebPage","@id":"https:\/\/sanabriamatiz.com\/dr-gustavo-adolfo-valencia-gonzales\/","url":"https:\/\/sanabriamatiz.com\/dr-gustavo-adolfo-valencia-gonzales\/","name":"Dr. Gustavo Adolfo Valencia Gonzales - Sanabria Matiz","isPartOf":{"@id":"https:\/\/sanabriamatiz.com\/#website"},"primaryImageOfPage":{"@id":"https:\/\/sanabriamatiz.com\/dr-gustavo-adolfo-valencia-gonzales\/#primaryimage"},"image":{"@id":"https:\/\/sanabriamatiz.com\/dr-gustavo-adolfo-valencia-gonzales\/#primaryimage"},"thumbnailUrl":"https:\/\/sanabriamatiz.com\/wp-content\/uploads\/2023\/02\/sanabriaDRE_7956-copia-2-e1678460335678.png","datePublished":"2023-03-10T14:57:30+00:00","dateModified":"2023-10-02T21:56:57+00:00","breadcrumb":{"@id":"https:\/\/sanabriamatiz.com\/dr-gustavo-adolfo-valencia-gonzales\/#breadcrumb"},"inLanguage":"en-US","potentialAction":[{"@type":"ReadAction","target":["https:\/\/sanabriamatiz.com\/dr-gustavo-adolfo-valencia-gonzales\/"]}]},{"@type":"ImageObject","inLanguage":"en-US","@id":"https:\/\/sanabriamatiz.com\/dr-gustavo-adolfo-valencia-gonzales\/#primaryimage","url":"https:\/\/sanabriamatiz.com\/wp-content\/uploads\/2023\/02\/sanabriaDRE_7956-copia-2-e1678460335678.png","contentUrl":"https:\/\/sanabriamatiz.com\/wp-content\/uploads\/2023\/02\/sanabriaDRE_7956-copia-2-e1678460335678.png"},{"@type":"BreadcrumbList","@id":"https:\/\/sanabriamatiz.com\/dr-gustavo-adolfo-valencia-gonzales\/#breadcrumb","itemListElement":[{"@type":"ListItem","position":1,"name":"Home","item":"https:\/\/sanabriamatiz.com\/"},{"@type":"ListItem","position":2,"name":"Dr. Gustavo Adolfo Valencia Gonzales"}]},{"@type":"WebSite","@id":"https:\/\/sanabriamatiz.com\/#website","url":"https:\/\/sanabriamatiz.com\/","name":"Sanabria Matiz","description":"Especialistas en rehabilitaci\u00f3n oral ","potentialAction":[{"@type":"SearchAction","target":{"@type":"EntryPoint","urlTemplate":"https:\/\/sanabriamatiz.com\/?s={search_term_string}"},"query-input":{"@type":"PropertyValueSpecification","valueRequired":true,"valueName":"search_term_string"}}],"inLanguage":"en-US"}]}},"_links":{"self":[{"href":"https:\/\/sanabriamatiz.com\/en\/wp-json\/wp\/v2\/pages\/3505","targetHints":{"allow":["GET"]}}],"collection":[{"href":"https:\/\/sanabriamatiz.com\/en\/wp-json\/wp\/v2\/pages"}],"about":[{"href":"https:\/\/sanabriamatiz.com\/en\/wp-json\/wp\/v2\/types\/page"}],"author":[{"embeddable":true,"href":"https:\/\/sanabriamatiz.com\/en\/wp-json\/wp\/v2\/users\/1"}],"replies":[{"embeddable":true,"href":"https:\/\/sanabriamatiz.com\/en\/wp-json\/wp\/v2\/comments?post=3505"}],"version-history":[{"count":17,"href":"https:\/\/sanabriamatiz.com\/en\/wp-json\/wp\/v2\/pages\/3505\/revisions"}],"predecessor-version":[{"id":5485,"href":"https:\/\/sanabriamatiz.com\/en\/wp-json\/wp\/v2\/pages\/3505\/revisions\/5485"}],"wp:attachment":[{"href":"https:\/\/sanabriamatiz.com\/en\/wp-json\/wp\/v2\/media?parent=3505"}],"curies":[{"name":"wp","href":"https:\/\/api.w.org\/{rel}","templated":true}]}}