{"id":3262,"date":"2023-03-10T14:34:13","date_gmt":"2023-03-10T14:34:13","guid":{"rendered":"https:\/\/sanabriamatiz.com\/?page_id=3262"},"modified":"2023-10-02T18:04:36","modified_gmt":"2023-10-02T18:04:36","slug":"dra-luz-andrea-guevara-barreto","status":"publish","type":"page","link":"https:\/\/sanabriamatiz.com\/en\/dra-luz-andrea-guevara-barreto\/","title":{"rendered":"Dra. Luz Andrea Guevara Barreto"},"content":{"rendered":"<div data-elementor-type=\"wp-page\" data-elementor-id=\"3262\" class=\"elementor elementor-3262\" data-elementor-post-type=\"page\">\n\t\t\t\t\t\t<div class=\"elementor-section elementor-top-section elementor-element elementor-element-9f05381 elementor-section-stretched elementor-section-full_width elementor-section-height-default elementor-section-height-default\" data-id=\"9f05381\" data-element_type=\"section\" data-settings=\"{&quot;background_background&quot;:&quot;classic&quot;,&quot;stretch_section&quot;:&quot;section-stretched&quot;}\">\n\t\t\t\t\t\t\t<div class=\"elementor-background-overlay\"><\/div>\n\t\t\t\t\t\t\t<div class=\"elementor-container elementor-column-gap-default\">\n\t\t\t\t\t<div class=\"elementor-column elementor-col-100 elementor-top-column elementor-element elementor-element-f69f983\" data-id=\"f69f983\" data-element_type=\"column\">\n\t\t\t<div class=\"elementor-widget-wrap elementor-element-populated\">\n\t\t\t\t\t\t<section class=\"elementor-section elementor-inner-section elementor-element elementor-element-e447ec9 elementor-section-boxed elementor-section-height-default elementor-section-height-default\" data-id=\"e447ec9\" data-element_type=\"section\">\n\t\t\t\t\t\t<div class=\"elementor-container elementor-column-gap-default\">\n\t\t\t\t\t<div class=\"elementor-column elementor-col-100 elementor-inner-column elementor-element elementor-element-116b136\" data-id=\"116b136\" data-element_type=\"column\">\n\t\t\t<div class=\"elementor-widget-wrap elementor-element-populated\">\n\t\t\t\t\t\t<div class=\"elementor-element elementor-element-840bfce elementor-widget elementor-widget-spacer\" data-id=\"840bfce\" data-element_type=\"widget\" data-widget_type=\"spacer.default\">\n\t\t\t\t<div class=\"elementor-widget-container\">\n\t\t\t\t\t\t\t<div class=\"elementor-spacer\">\n\t\t\t<div class=\"elementor-spacer-inner\"><\/div>\n\t\t<\/div>\n\t\t\t\t\t\t<\/div>\n\t\t\t\t<\/div>\n\t\t\t\t<div class=\"elementor-element elementor-element-8bc47af elementor-invisible elementor-widget elementor-widget-heading\" data-id=\"8bc47af\" data-element_type=\"widget\" data-settings=\"{&quot;_animation&quot;:&quot;fadeInLeft&quot;}\" data-widget_type=\"heading.default\">\n\t\t\t\t<div class=\"elementor-widget-container\">\n\t\t\t\t\t<h2 class=\"elementor-heading-title elementor-size-default\">Our Specialists<\/h2>\t\t\t\t<\/div>\n\t\t\t\t<\/div>\n\t\t\t\t\t<\/div>\n\t\t<\/div>\n\t\t\t\t\t<\/div>\n\t\t<\/section>\n\t\t\t\t\t<\/div>\n\t\t<\/div>\n\t\t\t\t\t<\/div>\n\t\t<\/div>\n\t\t\t\t<section class=\"elementor-section elementor-top-section elementor-element elementor-element-69a3097 elementor-section-content-middle elementor-section-boxed elementor-section-height-default elementor-section-height-default\" data-id=\"69a3097\" data-element_type=\"section\">\n\t\t\t\t\t\t<div class=\"elementor-container elementor-column-gap-default\">\n\t\t\t\t\t<div class=\"elementor-column elementor-col-50 elementor-top-column elementor-element elementor-element-ce8ca9a\" data-id=\"ce8ca9a\" data-element_type=\"column\">\n\t\t\t<div class=\"elementor-widget-wrap elementor-element-populated\">\n\t\t\t\t\t\t<div class=\"elementor-element elementor-element-0dc1e95 elementor-widget elementor-widget-image\" data-id=\"0dc1e95\" data-element_type=\"widget\" data-widget_type=\"image.default\">\n\t\t\t\t<div class=\"elementor-widget-container\">\n\t\t\t\t\t\t\t\t\t\t\t\t\t\t\t<img fetchpriority=\"high\" decoding=\"async\" width=\"601\" height=\"984\" src=\"https:\/\/sanabriamatiz.com\/wp-content\/uploads\/2023\/02\/DRE_2607-copia-2-e1678460021343.png\" class=\"attachment-full size-full wp-image-2207\" alt=\"\" srcset=\"https:\/\/sanabriamatiz.com\/wp-content\/uploads\/2023\/02\/DRE_2607-copia-2-e1678460021343.png 601w, https:\/\/sanabriamatiz.com\/wp-content\/uploads\/2023\/02\/DRE_2607-copia-2-e1678460021343-183x300.png 183w, https:\/\/sanabriamatiz.com\/wp-content\/uploads\/2023\/02\/DRE_2607-copia-2-e1678460021343-600x982.png 600w\" sizes=\"(max-width: 601px) 100vw, 601px\" \/>\t\t\t\t\t\t\t\t\t\t\t\t\t\t\t<\/div>\n\t\t\t\t<\/div>\n\t\t\t\t\t<\/div>\n\t\t<\/div>\n\t\t\t\t<div class=\"elementor-column elementor-col-50 elementor-top-column elementor-element elementor-element-c1fe000\" data-id=\"c1fe000\" data-element_type=\"column\">\n\t\t\t<div class=\"elementor-widget-wrap elementor-element-populated\">\n\t\t\t\t\t\t<section class=\"elementor-section elementor-inner-section elementor-element elementor-element-2ce2ebc elementor-section-boxed elementor-section-height-default elementor-section-height-default\" data-id=\"2ce2ebc\" data-element_type=\"section\">\n\t\t\t\t\t\t<div class=\"elementor-container elementor-column-gap-no\">\n\t\t\t\t\t<div class=\"elementor-column elementor-col-50 elementor-inner-column elementor-element elementor-element-30dd55b\" data-id=\"30dd55b\" data-element_type=\"column\">\n\t\t\t<div class=\"elementor-widget-wrap elementor-element-populated\">\n\t\t\t\t\t\t<div class=\"elementor-element elementor-element-6be36ce elementor-widget elementor-widget-heading\" data-id=\"6be36ce\" data-element_type=\"widget\" data-widget_type=\"heading.default\">\n\t\t\t\t<div class=\"elementor-widget-container\">\n\t\t\t\t\t<h2 class=\"elementor-heading-title elementor-size-default\">Dra. Luz Andrea Guevara Barreto<\/h2>\t\t\t\t<\/div>\n\t\t\t\t<\/div>\n\t\t\t\t\t<\/div>\n\t\t<\/div>\n\t\t\t\t<div class=\"elementor-column elementor-col-50 elementor-inner-column elementor-element elementor-element-fa11d94\" data-id=\"fa11d94\" data-element_type=\"column\">\n\t\t\t<div class=\"elementor-widget-wrap elementor-element-populated\">\n\t\t\t\t\t\t<div class=\"elementor-element elementor-element-79b90dd e-grid-align-right e-grid-align-mobile-left elementor-shape-rounded elementor-grid-0 elementor-widget elementor-widget-social-icons\" data-id=\"79b90dd\" data-element_type=\"widget\" data-widget_type=\"social-icons.default\">\n\t\t\t\t<div class=\"elementor-widget-container\">\n\t\t\t\t\t\t\t<div class=\"elementor-social-icons-wrapper elementor-grid\">\n\t\t\t\t\t\t\t<span class=\"elementor-grid-item\">\n\t\t\t\t\t<a class=\"elementor-icon elementor-social-icon elementor-social-icon-facebook-square elementor-repeater-item-d706ae9\" target=\"_blank\">\n\t\t\t\t\t\t<span class=\"elementor-screen-only\">Facebook-square<\/span>\n\t\t\t\t\t\t<i class=\"fab fa-facebook-square\"><\/i>\t\t\t\t\t<\/a>\n\t\t\t\t<\/span>\n\t\t\t\t\t\t\t<span class=\"elementor-grid-item\">\n\t\t\t\t\t<a class=\"elementor-icon elementor-social-icon elementor-social-icon-twitter elementor-repeater-item-0bb33dd\" target=\"_blank\">\n\t\t\t\t\t\t<span class=\"elementor-screen-only\">Twitter<\/span>\n\t\t\t\t\t\t<i class=\"fab fa-twitter\"><\/i>\t\t\t\t\t<\/a>\n\t\t\t\t<\/span>\n\t\t\t\t\t\t\t<span class=\"elementor-grid-item\">\n\t\t\t\t\t<a class=\"elementor-icon elementor-social-icon elementor-social-icon-instagram elementor-repeater-item-d8c5ba0\" target=\"_blank\">\n\t\t\t\t\t\t<span class=\"elementor-screen-only\">Instagram<\/span>\n\t\t\t\t\t\t<i class=\"fab fa-instagram\"><\/i>\t\t\t\t\t<\/a>\n\t\t\t\t<\/span>\n\t\t\t\t\t\t\t<span class=\"elementor-grid-item\">\n\t\t\t\t\t<a class=\"elementor-icon elementor-social-icon elementor-social-icon-youtube elementor-repeater-item-8f6bb99\" target=\"_blank\">\n\t\t\t\t\t\t<span class=\"elementor-screen-only\">Youtube<\/span>\n\t\t\t\t\t\t<i class=\"fab fa-youtube\"><\/i>\t\t\t\t\t<\/a>\n\t\t\t\t<\/span>\n\t\t\t\t\t<\/div>\n\t\t\t\t\t\t<\/div>\n\t\t\t\t<\/div>\n\t\t\t\t\t<\/div>\n\t\t<\/div>\n\t\t\t\t\t<\/div>\n\t\t<\/section>\n\t\t\t\t<div class=\"elementor-element elementor-element-7bcb1ff elementor-widget elementor-widget-heading\" data-id=\"7bcb1ff\" data-element_type=\"widget\" data-widget_type=\"heading.default\">\n\t\t\t\t<div class=\"elementor-widget-container\">\n\t\t\t\t\t<h2 class=\"elementor-heading-title elementor-size-default\">Orthodontics and Dentofacial Orthopedics <\/h2>\t\t\t\t<\/div>\n\t\t\t\t<\/div>\n\t\t\t\t<div class=\"elementor-element elementor-element-828dcb0 elementor-widget elementor-widget-heading\" data-id=\"828dcb0\" data-element_type=\"widget\" data-widget_type=\"heading.default\">\n\t\t\t\t<div class=\"elementor-widget-container\">\n\t\t\t\t\t<h2 class=\"elementor-heading-title elementor-size-default\">CIEO-Unicieo Military University\n<\/h2>\t\t\t\t<\/div>\n\t\t\t\t<\/div>\n\t\t\t\t<div class=\"elementor-element elementor-element-770ae9f elementor-widget elementor-widget-heading\" data-id=\"770ae9f\" data-element_type=\"widget\" data-widget_type=\"heading.default\">\n\t\t\t\t<div class=\"elementor-widget-container\">\n\t\t\t\t\t<h2 class=\"elementor-heading-title elementor-size-default\">Colombian association of Orthodontics\n<\/h2>\t\t\t\t<\/div>\n\t\t\t\t<\/div>\n\t\t\t\t<div class=\"elementor-element elementor-element-2434f28 elementor-widget elementor-widget-heading\" data-id=\"2434f28\" data-element_type=\"widget\" data-widget_type=\"heading.default\">\n\t\t\t\t<div class=\"elementor-widget-container\">\n\t\t\t\t\t<h2 class=\"elementor-heading-title elementor-size-default\">Latin american association of Orthodontics\n<\/h2>\t\t\t\t<\/div>\n\t\t\t\t<\/div>\n\t\t\t\t<div class=\"elementor-element elementor-element-7efc9f0 elementor-widget elementor-widget-text-editor\" data-id=\"7efc9f0\" data-element_type=\"widget\" data-widget_type=\"text-editor.default\">\n\t\t\t\t<div class=\"elementor-widget-container\">\n\t\t\t\t\t\t\t\t\t<p>Being a dentist has given me the opportunity to connect with different people, it is a profession that combines my passion, love and human quality, for this reason I dedicate myself to providing the best and most pleasant experience in their treatments in addition to the opportunity to have the best version of yourself through your smile.<\/p><p>As a specialist in orthodontics and dentofacial orthopedics, I seek to accompany them throughout the process of dental development from childhood onwards, preventing alterations dentomaxilares, speaking to time by means of clinical therapeutics and correct the function and aesthetic.<\/p><p>The trust I give my patients is a commitment that I take always with great rigor, with the understanding that I have the challenge of building the smile of your dreams to see you smile with total security.<\/p><p>Each person is unique and I love to give a twist that will positively impact their lives, that is my great achievement.<\/p>\t\t\t\t\t\t\t\t<\/div>\n\t\t\t\t<\/div>\n\t\t\t\t\t<\/div>\n\t\t<\/div>\n\t\t\t\t\t<\/div>\n\t\t<\/section>\n\t\t\t\t<\/div>","protected":false},"excerpt":{"rendered":"<p>Nuestros Especialistas Dra. Luz Andrea Guevara Barreto Facebook-square Twitter Instagram Youtube Ortodoncia y Ortopedia Dentofacial Universidad Militar CIEO-Unicieo Asociaci\u00f3n Colombiana de Ortodoncia Asociaci\u00f3n Latinoamericana de Ortodoncia Ser odont\u00f3loga me ha dado la posibilidad de conectar con diferentes personas, es una profesi\u00f3n que combina mi pasi\u00f3n, amor y calidad humana, por esto me dedico a brindarles&#8230;<\/p>","protected":false},"author":1,"featured_media":0,"parent":0,"menu_order":0,"comment_status":"closed","ping_status":"closed","template":"elementor_header_footer","meta":{"_acf_changed":false,"inline_featured_image":false,"_joinchat":[],"footnotes":""},"class_list":["post-3262","page","type-page","status-publish","hentry"],"acf":[],"yoast_head":"<!-- This site is optimized with the Yoast SEO plugin v26.9 - https:\/\/yoast.com\/product\/yoast-seo-wordpress\/ -->\n<title>Dra. Luz Andrea Guevara Barreto - Sanabria Matiz<\/title>\n<meta name=\"robots\" content=\"index, follow, max-snippet:-1, max-image-preview:large, max-video-preview:-1\" \/>\n<link rel=\"canonical\" href=\"https:\/\/sanabriamatiz.com\/en\/dra-luz-andrea-guevara-barreto\/\" \/>\n<meta property=\"og:locale\" content=\"en_US\" \/>\n<meta property=\"og:type\" content=\"article\" \/>\n<meta property=\"og:title\" content=\"Dra. Luz Andrea Guevara Barreto - Sanabria Matiz\" \/>\n<meta property=\"og:description\" content=\"Nuestros Especialistas Dra. Luz Andrea Guevara Barreto Facebook-square Twitter Instagram Youtube Ortodoncia y Ortopedia Dentofacial Universidad Militar CIEO-Unicieo Asociaci\u00f3n Colombiana de Ortodoncia Asociaci\u00f3n Latinoamericana de Ortodoncia Ser odont\u00f3loga me ha dado la posibilidad de conectar con diferentes personas, es una profesi\u00f3n que combina mi pasi\u00f3n, amor y calidad humana, por esto me dedico a brindarles...\" \/>\n<meta property=\"og:url\" content=\"https:\/\/sanabriamatiz.com\/en\/dra-luz-andrea-guevara-barreto\/\" \/>\n<meta property=\"og:site_name\" content=\"Sanabria Matiz\" \/>\n<meta property=\"article:modified_time\" content=\"2023-10-02T18:04:36+00:00\" \/>\n<meta property=\"og:image\" content=\"https:\/\/sanabriamatiz.com\/wp-content\/uploads\/2023\/02\/DRE_2607-copia-2-e1678460021343.png\" \/>\n<meta name=\"twitter:card\" content=\"summary_large_image\" \/>\n<meta name=\"twitter:label1\" content=\"Est. reading time\" \/>\n\t<meta name=\"twitter:data1\" content=\"1 minute\" \/>\n<script type=\"application\/ld+json\" class=\"yoast-schema-graph\">{\"@context\":\"https:\/\/schema.org\",\"@graph\":[{\"@type\":\"WebPage\",\"@id\":\"https:\/\/sanabriamatiz.com\/dra-luz-andrea-guevara-barreto\/\",\"url\":\"https:\/\/sanabriamatiz.com\/dra-luz-andrea-guevara-barreto\/\",\"name\":\"Dra. Luz Andrea Guevara Barreto - Sanabria Matiz\",\"isPartOf\":{\"@id\":\"https:\/\/sanabriamatiz.com\/#website\"},\"primaryImageOfPage\":{\"@id\":\"https:\/\/sanabriamatiz.com\/dra-luz-andrea-guevara-barreto\/#primaryimage\"},\"image\":{\"@id\":\"https:\/\/sanabriamatiz.com\/dra-luz-andrea-guevara-barreto\/#primaryimage\"},\"thumbnailUrl\":\"https:\/\/sanabriamatiz.com\/wp-content\/uploads\/2023\/02\/DRE_2607-copia-2-e1678460021343.png\",\"datePublished\":\"2023-03-10T14:34:13+00:00\",\"dateModified\":\"2023-10-02T18:04:36+00:00\",\"breadcrumb\":{\"@id\":\"https:\/\/sanabriamatiz.com\/dra-luz-andrea-guevara-barreto\/#breadcrumb\"},\"inLanguage\":\"en-US\",\"potentialAction\":[{\"@type\":\"ReadAction\",\"target\":[\"https:\/\/sanabriamatiz.com\/dra-luz-andrea-guevara-barreto\/\"]}]},{\"@type\":\"ImageObject\",\"inLanguage\":\"en-US\",\"@id\":\"https:\/\/sanabriamatiz.com\/dra-luz-andrea-guevara-barreto\/#primaryimage\",\"url\":\"https:\/\/sanabriamatiz.com\/wp-content\/uploads\/2023\/02\/DRE_2607-copia-2-e1678460021343.png\",\"contentUrl\":\"https:\/\/sanabriamatiz.com\/wp-content\/uploads\/2023\/02\/DRE_2607-copia-2-e1678460021343.png\"},{\"@type\":\"BreadcrumbList\",\"@id\":\"https:\/\/sanabriamatiz.com\/dra-luz-andrea-guevara-barreto\/#breadcrumb\",\"itemListElement\":[{\"@type\":\"ListItem\",\"position\":1,\"name\":\"Home\",\"item\":\"https:\/\/sanabriamatiz.com\/\"},{\"@type\":\"ListItem\",\"position\":2,\"name\":\"Dra. Luz Andrea Guevara Barreto\"}]},{\"@type\":\"WebSite\",\"@id\":\"https:\/\/sanabriamatiz.com\/#website\",\"url\":\"https:\/\/sanabriamatiz.com\/\",\"name\":\"Sanabria Matiz\",\"description\":\"Especialistas en rehabilitaci\u00f3n oral \",\"potentialAction\":[{\"@type\":\"SearchAction\",\"target\":{\"@type\":\"EntryPoint\",\"urlTemplate\":\"https:\/\/sanabriamatiz.com\/?s={search_term_string}\"},\"query-input\":{\"@type\":\"PropertyValueSpecification\",\"valueRequired\":true,\"valueName\":\"search_term_string\"}}],\"inLanguage\":\"en-US\"}]}<\/script>\n<!-- \/ Yoast SEO plugin. -->","yoast_head_json":{"title":"Dra. Luz Andrea Guevara Barreto - Sanabria Matiz","robots":{"index":"index","follow":"follow","max-snippet":"max-snippet:-1","max-image-preview":"max-image-preview:large","max-video-preview":"max-video-preview:-1"},"canonical":"https:\/\/sanabriamatiz.com\/en\/dra-luz-andrea-guevara-barreto\/","og_locale":"en_US","og_type":"article","og_title":"Dra. Luz Andrea Guevara Barreto - Sanabria Matiz","og_description":"Nuestros Especialistas Dra. Luz Andrea Guevara Barreto Facebook-square Twitter Instagram Youtube Ortodoncia y Ortopedia Dentofacial Universidad Militar CIEO-Unicieo Asociaci\u00f3n Colombiana de Ortodoncia Asociaci\u00f3n Latinoamericana de Ortodoncia Ser odont\u00f3loga me ha dado la posibilidad de conectar con diferentes personas, es una profesi\u00f3n que combina mi pasi\u00f3n, amor y calidad humana, por esto me dedico a brindarles...","og_url":"https:\/\/sanabriamatiz.com\/en\/dra-luz-andrea-guevara-barreto\/","og_site_name":"Sanabria Matiz","article_modified_time":"2023-10-02T18:04:36+00:00","og_image":[{"url":"https:\/\/sanabriamatiz.com\/wp-content\/uploads\/2023\/02\/DRE_2607-copia-2-e1678460021343.png","type":"","width":"","height":""}],"twitter_card":"summary_large_image","twitter_misc":{"Est. reading time":"1 minute"},"schema":{"@context":"https:\/\/schema.org","@graph":[{"@type":"WebPage","@id":"https:\/\/sanabriamatiz.com\/dra-luz-andrea-guevara-barreto\/","url":"https:\/\/sanabriamatiz.com\/dra-luz-andrea-guevara-barreto\/","name":"Dra. Luz Andrea Guevara Barreto - Sanabria Matiz","isPartOf":{"@id":"https:\/\/sanabriamatiz.com\/#website"},"primaryImageOfPage":{"@id":"https:\/\/sanabriamatiz.com\/dra-luz-andrea-guevara-barreto\/#primaryimage"},"image":{"@id":"https:\/\/sanabriamatiz.com\/dra-luz-andrea-guevara-barreto\/#primaryimage"},"thumbnailUrl":"https:\/\/sanabriamatiz.com\/wp-content\/uploads\/2023\/02\/DRE_2607-copia-2-e1678460021343.png","datePublished":"2023-03-10T14:34:13+00:00","dateModified":"2023-10-02T18:04:36+00:00","breadcrumb":{"@id":"https:\/\/sanabriamatiz.com\/dra-luz-andrea-guevara-barreto\/#breadcrumb"},"inLanguage":"en-US","potentialAction":[{"@type":"ReadAction","target":["https:\/\/sanabriamatiz.com\/dra-luz-andrea-guevara-barreto\/"]}]},{"@type":"ImageObject","inLanguage":"en-US","@id":"https:\/\/sanabriamatiz.com\/dra-luz-andrea-guevara-barreto\/#primaryimage","url":"https:\/\/sanabriamatiz.com\/wp-content\/uploads\/2023\/02\/DRE_2607-copia-2-e1678460021343.png","contentUrl":"https:\/\/sanabriamatiz.com\/wp-content\/uploads\/2023\/02\/DRE_2607-copia-2-e1678460021343.png"},{"@type":"BreadcrumbList","@id":"https:\/\/sanabriamatiz.com\/dra-luz-andrea-guevara-barreto\/#breadcrumb","itemListElement":[{"@type":"ListItem","position":1,"name":"Home","item":"https:\/\/sanabriamatiz.com\/"},{"@type":"ListItem","position":2,"name":"Dra. Luz Andrea Guevara Barreto"}]},{"@type":"WebSite","@id":"https:\/\/sanabriamatiz.com\/#website","url":"https:\/\/sanabriamatiz.com\/","name":"Sanabria Matiz","description":"Especialistas en rehabilitaci\u00f3n oral ","potentialAction":[{"@type":"SearchAction","target":{"@type":"EntryPoint","urlTemplate":"https:\/\/sanabriamatiz.com\/?s={search_term_string}"},"query-input":{"@type":"PropertyValueSpecification","valueRequired":true,"valueName":"search_term_string"}}],"inLanguage":"en-US"}]}},"_links":{"self":[{"href":"https:\/\/sanabriamatiz.com\/en\/wp-json\/wp\/v2\/pages\/3262","targetHints":{"allow":["GET"]}}],"collection":[{"href":"https:\/\/sanabriamatiz.com\/en\/wp-json\/wp\/v2\/pages"}],"about":[{"href":"https:\/\/sanabriamatiz.com\/en\/wp-json\/wp\/v2\/types\/page"}],"author":[{"embeddable":true,"href":"https:\/\/sanabriamatiz.com\/en\/wp-json\/wp\/v2\/users\/1"}],"replies":[{"embeddable":true,"href":"https:\/\/sanabriamatiz.com\/en\/wp-json\/wp\/v2\/comments?post=3262"}],"version-history":[{"count":17,"href":"https:\/\/sanabriamatiz.com\/en\/wp-json\/wp\/v2\/pages\/3262\/revisions"}],"predecessor-version":[{"id":5406,"href":"https:\/\/sanabriamatiz.com\/en\/wp-json\/wp\/v2\/pages\/3262\/revisions\/5406"}],"wp:attachment":[{"href":"https:\/\/sanabriamatiz.com\/en\/wp-json\/wp\/v2\/media?parent=3262"}],"curies":[{"name":"wp","href":"https:\/\/api.w.org\/{rel}","templated":true}]}}