{"id":3137,"date":"2023-03-09T21:24:12","date_gmt":"2023-03-09T21:24:12","guid":{"rendered":"https:\/\/sanabriamatiz.com\/?page_id=3137"},"modified":"2023-10-17T21:58:02","modified_gmt":"2023-10-17T21:58:02","slug":"diseno-de-sonrisa","status":"publish","type":"page","link":"https:\/\/sanabriamatiz.com\/en\/diseno-de-sonrisa\/","title":{"rendered":"Smile design"},"content":{"rendered":"<div data-elementor-type=\"wp-page\" data-elementor-id=\"3137\" class=\"elementor elementor-3137\" data-elementor-post-type=\"page\">\n\t\t\t\t\t\t<\/div>","protected":false},"excerpt":{"rendered":"<p>Rehabilitaci\u00f3n Oral Implantolog\u00eda Dise\u00f1o de Sonrisa Cirug\u00eda Oral y Maxilofacial Endodoncia Ortodoncia Periodoncia Odontopediatr\u00eda Salud e Higiene Oral Odontolog\u00eda General +57 (602) 2316363 +57 317\u00a07582016 Descargar Informacion del servicio Dise\u00f1o de Sonrisa \u00bfEst\u00e1s interesado en hacerte un dise\u00f1o de sonrisa? En pocas palabras, el dise\u00f1o de sonrisa es un tratamiento integral en donde pueden participar&#8230;<\/p>","protected":false},"author":1,"featured_media":0,"parent":0,"menu_order":0,"comment_status":"closed","ping_status":"closed","template":"elementor_header_footer","meta":{"_acf_changed":false,"inline_featured_image":false,"_joinchat":[],"footnotes":""},"class_list":["post-3137","page","type-page","status-publish","hentry"],"acf":[],"yoast_head":"<!-- This site is optimized with the Yoast SEO plugin v26.9 - https:\/\/yoast.com\/product\/yoast-seo-wordpress\/ -->\n<title>Dise\u00f1o de Sonrisa - Sanabria Matiz<\/title>\n<meta name=\"robots\" content=\"index, follow, max-snippet:-1, max-image-preview:large, max-video-preview:-1\" \/>\n<link rel=\"canonical\" href=\"https:\/\/sanabriamatiz.com\/en\/diseno-de-sonrisa\/\" \/>\n<meta property=\"og:locale\" content=\"en_US\" \/>\n<meta property=\"og:type\" content=\"article\" \/>\n<meta property=\"og:title\" content=\"Dise\u00f1o de Sonrisa - Sanabria Matiz\" \/>\n<meta property=\"og:description\" content=\"Rehabilitaci\u00f3n Oral Implantolog\u00eda Dise\u00f1o de Sonrisa Cirug\u00eda Oral y Maxilofacial Endodoncia Ortodoncia Periodoncia Odontopediatr\u00eda Salud e Higiene Oral Odontolog\u00eda General +57 (602) 2316363 +57 317\u00a07582016 Descargar Informacion del servicio Dise\u00f1o de Sonrisa \u00bfEst\u00e1s interesado en hacerte un dise\u00f1o de sonrisa? En pocas palabras, el dise\u00f1o de sonrisa es un tratamiento integral en donde pueden participar...\" \/>\n<meta property=\"og:url\" content=\"https:\/\/sanabriamatiz.com\/en\/diseno-de-sonrisa\/\" \/>\n<meta property=\"og:site_name\" content=\"Sanabria Matiz\" \/>\n<meta property=\"article:modified_time\" content=\"2023-10-17T21:58:02+00:00\" \/>\n<meta property=\"og:image\" content=\"https:\/\/sanabriamatiz.com\/wp-content\/uploads\/2023\/02\/smiling-female-dentist-dental-clinic-JBF6ZRX.jpg\" \/>\n<meta name=\"twitter:card\" content=\"summary_large_image\" \/>\n<meta name=\"twitter:label1\" content=\"Est. reading time\" \/>\n\t<meta name=\"twitter:data1\" content=\"3 minutes\" \/>\n<script type=\"application\/ld+json\" class=\"yoast-schema-graph\">{\"@context\":\"https:\/\/schema.org\",\"@graph\":[{\"@type\":\"WebPage\",\"@id\":\"https:\/\/sanabriamatiz.com\/diseno-de-sonrisa\/\",\"url\":\"https:\/\/sanabriamatiz.com\/diseno-de-sonrisa\/\",\"name\":\"Dise\u00f1o de Sonrisa - Sanabria Matiz\",\"isPartOf\":{\"@id\":\"https:\/\/sanabriamatiz.com\/#website\"},\"primaryImageOfPage\":{\"@id\":\"https:\/\/sanabriamatiz.com\/diseno-de-sonrisa\/#primaryimage\"},\"image\":{\"@id\":\"https:\/\/sanabriamatiz.com\/diseno-de-sonrisa\/#primaryimage\"},\"thumbnailUrl\":\"https:\/\/sanabriamatiz.com\/wp-content\/uploads\/2023\/02\/smiling-female-dentist-dental-clinic-JBF6ZRX.jpg\",\"datePublished\":\"2023-03-09T21:24:12+00:00\",\"dateModified\":\"2023-10-17T21:58:02+00:00\",\"breadcrumb\":{\"@id\":\"https:\/\/sanabriamatiz.com\/diseno-de-sonrisa\/#breadcrumb\"},\"inLanguage\":\"en-US\",\"potentialAction\":[{\"@type\":\"ReadAction\",\"target\":[\"https:\/\/sanabriamatiz.com\/diseno-de-sonrisa\/\"]}]},{\"@type\":\"ImageObject\",\"inLanguage\":\"en-US\",\"@id\":\"https:\/\/sanabriamatiz.com\/diseno-de-sonrisa\/#primaryimage\",\"url\":\"https:\/\/sanabriamatiz.com\/wp-content\/uploads\/2023\/02\/smiling-female-dentist-dental-clinic-JBF6ZRX.jpg\",\"contentUrl\":\"https:\/\/sanabriamatiz.com\/wp-content\/uploads\/2023\/02\/smiling-female-dentist-dental-clinic-JBF6ZRX.jpg\"},{\"@type\":\"BreadcrumbList\",\"@id\":\"https:\/\/sanabriamatiz.com\/diseno-de-sonrisa\/#breadcrumb\",\"itemListElement\":[{\"@type\":\"ListItem\",\"position\":1,\"name\":\"Home\",\"item\":\"https:\/\/sanabriamatiz.com\/\"},{\"@type\":\"ListItem\",\"position\":2,\"name\":\"Dise\u00f1o de Sonrisa\"}]},{\"@type\":\"WebSite\",\"@id\":\"https:\/\/sanabriamatiz.com\/#website\",\"url\":\"https:\/\/sanabriamatiz.com\/\",\"name\":\"Sanabria Matiz\",\"description\":\"Especialistas en rehabilitaci\u00f3n oral \",\"potentialAction\":[{\"@type\":\"SearchAction\",\"target\":{\"@type\":\"EntryPoint\",\"urlTemplate\":\"https:\/\/sanabriamatiz.com\/?s={search_term_string}\"},\"query-input\":{\"@type\":\"PropertyValueSpecification\",\"valueRequired\":true,\"valueName\":\"search_term_string\"}}],\"inLanguage\":\"en-US\"}]}<\/script>\n<!-- \/ Yoast SEO plugin. -->","yoast_head_json":{"title":"Dise\u00f1o de Sonrisa - Sanabria Matiz","robots":{"index":"index","follow":"follow","max-snippet":"max-snippet:-1","max-image-preview":"max-image-preview:large","max-video-preview":"max-video-preview:-1"},"canonical":"https:\/\/sanabriamatiz.com\/en\/diseno-de-sonrisa\/","og_locale":"en_US","og_type":"article","og_title":"Dise\u00f1o de Sonrisa - Sanabria Matiz","og_description":"Rehabilitaci\u00f3n Oral Implantolog\u00eda Dise\u00f1o de Sonrisa Cirug\u00eda Oral y Maxilofacial Endodoncia Ortodoncia Periodoncia Odontopediatr\u00eda Salud e Higiene Oral Odontolog\u00eda General +57 (602) 2316363 +57 317\u00a07582016 Descargar Informacion del servicio Dise\u00f1o de Sonrisa \u00bfEst\u00e1s interesado en hacerte un dise\u00f1o de sonrisa? En pocas palabras, el dise\u00f1o de sonrisa es un tratamiento integral en donde pueden participar...","og_url":"https:\/\/sanabriamatiz.com\/en\/diseno-de-sonrisa\/","og_site_name":"Sanabria Matiz","article_modified_time":"2023-10-17T21:58:02+00:00","og_image":[{"url":"https:\/\/sanabriamatiz.com\/wp-content\/uploads\/2023\/02\/smiling-female-dentist-dental-clinic-JBF6ZRX.jpg","type":"","width":"","height":""}],"twitter_card":"summary_large_image","twitter_misc":{"Est. reading time":"3 minutes"},"schema":{"@context":"https:\/\/schema.org","@graph":[{"@type":"WebPage","@id":"https:\/\/sanabriamatiz.com\/diseno-de-sonrisa\/","url":"https:\/\/sanabriamatiz.com\/diseno-de-sonrisa\/","name":"Dise\u00f1o de Sonrisa - Sanabria Matiz","isPartOf":{"@id":"https:\/\/sanabriamatiz.com\/#website"},"primaryImageOfPage":{"@id":"https:\/\/sanabriamatiz.com\/diseno-de-sonrisa\/#primaryimage"},"image":{"@id":"https:\/\/sanabriamatiz.com\/diseno-de-sonrisa\/#primaryimage"},"thumbnailUrl":"https:\/\/sanabriamatiz.com\/wp-content\/uploads\/2023\/02\/smiling-female-dentist-dental-clinic-JBF6ZRX.jpg","datePublished":"2023-03-09T21:24:12+00:00","dateModified":"2023-10-17T21:58:02+00:00","breadcrumb":{"@id":"https:\/\/sanabriamatiz.com\/diseno-de-sonrisa\/#breadcrumb"},"inLanguage":"en-US","potentialAction":[{"@type":"ReadAction","target":["https:\/\/sanabriamatiz.com\/diseno-de-sonrisa\/"]}]},{"@type":"ImageObject","inLanguage":"en-US","@id":"https:\/\/sanabriamatiz.com\/diseno-de-sonrisa\/#primaryimage","url":"https:\/\/sanabriamatiz.com\/wp-content\/uploads\/2023\/02\/smiling-female-dentist-dental-clinic-JBF6ZRX.jpg","contentUrl":"https:\/\/sanabriamatiz.com\/wp-content\/uploads\/2023\/02\/smiling-female-dentist-dental-clinic-JBF6ZRX.jpg"},{"@type":"BreadcrumbList","@id":"https:\/\/sanabriamatiz.com\/diseno-de-sonrisa\/#breadcrumb","itemListElement":[{"@type":"ListItem","position":1,"name":"Home","item":"https:\/\/sanabriamatiz.com\/"},{"@type":"ListItem","position":2,"name":"Dise\u00f1o de Sonrisa"}]},{"@type":"WebSite","@id":"https:\/\/sanabriamatiz.com\/#website","url":"https:\/\/sanabriamatiz.com\/","name":"Sanabria Matiz","description":"Especialistas en rehabilitaci\u00f3n oral ","potentialAction":[{"@type":"SearchAction","target":{"@type":"EntryPoint","urlTemplate":"https:\/\/sanabriamatiz.com\/?s={search_term_string}"},"query-input":{"@type":"PropertyValueSpecification","valueRequired":true,"valueName":"search_term_string"}}],"inLanguage":"en-US"}]}},"_links":{"self":[{"href":"https:\/\/sanabriamatiz.com\/en\/wp-json\/wp\/v2\/pages\/3137","targetHints":{"allow":["GET"]}}],"collection":[{"href":"https:\/\/sanabriamatiz.com\/en\/wp-json\/wp\/v2\/pages"}],"about":[{"href":"https:\/\/sanabriamatiz.com\/en\/wp-json\/wp\/v2\/types\/page"}],"author":[{"embeddable":true,"href":"https:\/\/sanabriamatiz.com\/en\/wp-json\/wp\/v2\/users\/1"}],"replies":[{"embeddable":true,"href":"https:\/\/sanabriamatiz.com\/en\/wp-json\/wp\/v2\/comments?post=3137"}],"version-history":[{"count":35,"href":"https:\/\/sanabriamatiz.com\/en\/wp-json\/wp\/v2\/pages\/3137\/revisions"}],"predecessor-version":[{"id":5619,"href":"https:\/\/sanabriamatiz.com\/en\/wp-json\/wp\/v2\/pages\/3137\/revisions\/5619"}],"wp:attachment":[{"href":"https:\/\/sanabriamatiz.com\/en\/wp-json\/wp\/v2\/media?parent=3137"}],"curies":[{"name":"wp","href":"https:\/\/api.w.org\/{rel}","templated":true}]}}