{"id":3119,"date":"2023-03-08T22:51:35","date_gmt":"2023-03-08T22:51:35","guid":{"rendered":"https:\/\/sanabriamatiz.com\/?page_id=3119"},"modified":"2023-11-14T22:10:12","modified_gmt":"2023-11-14T22:10:12","slug":"implantologia","status":"publish","type":"page","link":"https:\/\/sanabriamatiz.com\/en\/implantologia\/","title":{"rendered":"Implantology"},"content":{"rendered":"<div data-elementor-type=\"wp-page\" data-elementor-id=\"3119\" class=\"elementor elementor-3119\" data-elementor-post-type=\"page\">\n\t\t\t\t\t\t<div class=\"elementor-section elementor-top-section elementor-element elementor-element-6b69ec0 elementor-section-stretched elementor-section-full_width elementor-section-height-default elementor-section-height-default\" data-id=\"6b69ec0\" data-element_type=\"section\" data-settings=\"{&quot;background_background&quot;:&quot;classic&quot;,&quot;stretch_section&quot;:&quot;section-stretched&quot;}\">\n\t\t\t\t\t\t\t<div class=\"elementor-background-overlay\"><\/div>\n\t\t\t\t\t\t\t<div class=\"elementor-container elementor-column-gap-default\">\n\t\t\t\t\t<div class=\"elementor-column elementor-col-100 elementor-top-column elementor-element elementor-element-15c0d66\" data-id=\"15c0d66\" data-element_type=\"column\">\n\t\t\t<div class=\"elementor-widget-wrap\">\n\t\t\t\t\t\t\t<\/div>\n\t\t<\/div>\n\t\t\t\t\t<\/div>\n\t\t<\/div>\n\t\t\t\t<section class=\"elementor-section elementor-top-section elementor-element elementor-element-13d6084 elementor-section-boxed elementor-section-height-default elementor-section-height-default\" data-id=\"13d6084\" data-element_type=\"section\">\n\t\t\t\t\t\t<div class=\"elementor-container elementor-column-gap-default\">\n\t\t\t\t\t<div class=\"elementor-column elementor-col-100 elementor-top-column elementor-element elementor-element-39d9ff8\" data-id=\"39d9ff8\" data-element_type=\"column\">\n\t\t\t<div class=\"elementor-widget-wrap elementor-element-populated\">\n\t\t\t\t\t\t<div class=\"elementor-element elementor-element-cc602f4 elementor-widget elementor-widget-text-editor\" data-id=\"cc602f4\" data-element_type=\"widget\" data-widget_type=\"text-editor.default\">\n\t\t\t\t<div class=\"elementor-widget-container\">\n\t\t\t\t\t\t\t\t\t<p><b>Treatment options in implant dentistry\u00a0<\/b><\/p><p><span style=\"font-weight: 400;\">\u00a0The treatments of rehabilitation on implants are made with the\u00a0 <\/span><b>digital technology <\/b><span style=\"font-weight: 400;\">current.<\/span><\/p><ul><li style=\"font-weight: 400;\" aria-level=\"1\"><span style=\"font-weight: 400;\">Prosthesis-Cement bolted on implants\u00a0<\/span><\/li><li style=\"font-weight: 400;\" aria-level=\"1\"><span style=\"font-weight: 400;\">Hybrid prostheses implant-supported caps in different materials.<\/span><\/li><li style=\"font-weight: 400;\" aria-level=\"1\"><span style=\"font-weight: 400;\">Full arch implant rehabilitation in zirconia, CAD-CAM<\/span><\/li><li style=\"font-weight: 400;\" aria-level=\"1\"><span style=\"font-weight: 400;\">Crowns on implants rehabilitated in zirconia or lithium disilicate monolithic.<\/span><\/li><li style=\"font-weight: 400;\" aria-level=\"1\"><span style=\"font-weight: 400;\">Overdenture implant-supported caps\u00a0<\/span><\/li><li style=\"font-weight: 400;\" aria-level=\"1\"><span style=\"font-weight: 400;\">Guided Bone Regeneration\u00a0<\/span><\/li><li style=\"font-weight: 400;\" aria-level=\"1\"><span style=\"font-weight: 400;\">Zygoma Implants .<\/span><\/li><\/ul>\t\t\t\t\t\t\t\t<\/div>\n\t\t\t\t<\/div>\n\t\t\t\t<div class=\"elementor-element elementor-element-1b814c6 elementor-widget elementor-widget-spacer\" data-id=\"1b814c6\" data-element_type=\"widget\" data-widget_type=\"spacer.default\">\n\t\t\t\t<div class=\"elementor-widget-container\">\n\t\t\t\t\t\t\t<div class=\"elementor-spacer\">\n\t\t\t<div class=\"elementor-spacer-inner\"><\/div>\n\t\t<\/div>\n\t\t\t\t\t\t<\/div>\n\t\t\t\t<\/div>\n\t\t\t\t<div class=\"elementor-element elementor-element-d7e26e6 elementor-widget elementor-widget-heading\" data-id=\"d7e26e6\" data-element_type=\"widget\" data-widget_type=\"heading.default\">\n\t\t\t\t<div class=\"elementor-widget-container\">\n\t\t\t\t\t<h3 class=\"elementor-heading-title elementor-size-xl\">Want to grow your trust from the first contact, our patients feel relaxed and confident, even before your treatment<\/h3>\t\t\t\t<\/div>\n\t\t\t\t<\/div>\n\t\t\t\t<div class=\"elementor-element elementor-element-82545b9 elementor-widget elementor-widget-spacer\" data-id=\"82545b9\" data-element_type=\"widget\" data-widget_type=\"spacer.default\">\n\t\t\t\t<div class=\"elementor-widget-container\">\n\t\t\t\t\t\t\t<div class=\"elementor-spacer\">\n\t\t\t<div class=\"elementor-spacer-inner\"><\/div>\n\t\t<\/div>\n\t\t\t\t\t\t<\/div>\n\t\t\t\t<\/div>\n\t\t\t\t\t<\/div>\n\t\t<\/div>\n\t\t\t\t\t<\/div>\n\t\t<\/section>\n\t\t\t\t<section class=\"elementor-section elementor-top-section elementor-element elementor-element-d5a1371 elementor-section-content-middle elementor-section-boxed elementor-section-height-default elementor-section-height-default\" data-id=\"d5a1371\" data-element_type=\"section\">\n\t\t\t\t\t\t<div class=\"elementor-container elementor-column-gap-default\">\n\t\t\t\t\t<div class=\"elementor-column elementor-col-50 elementor-top-column elementor-element elementor-element-7ef6409\" data-id=\"7ef6409\" data-element_type=\"column\">\n\t\t\t<div class=\"elementor-widget-wrap elementor-element-populated\">\n\t\t\t\t\t\t<div class=\"elementor-element elementor-element-d3730cf elementor-widget elementor-widget-image\" data-id=\"d3730cf\" data-element_type=\"widget\" data-widget_type=\"image.default\">\n\t\t\t\t<div class=\"elementor-widget-container\">\n\t\t\t\t\t\t\t\t\t\t\t\t\t\t\t<img decoding=\"async\" src=\"https:\/\/sanabriamatiz.com\/wp-content\/uploads\/2023\/02\/dentist-with-dental-implant-model_t20_mRpzjg.jpg\" title=\"\" alt=\"\" loading=\"lazy\" \/>\t\t\t\t\t\t\t\t\t\t\t\t\t\t\t<\/div>\n\t\t\t\t<\/div>\n\t\t\t\t<div class=\"elementor-element elementor-element-26a4951 e-transform elementor-widget elementor-widget-image\" data-id=\"26a4951\" data-element_type=\"widget\" data-settings=\"{&quot;_transform_scale_effect&quot;:{&quot;unit&quot;:&quot;px&quot;,&quot;size&quot;:1.399999999999999911182158029987476766109466552734375,&quot;sizes&quot;:[]},&quot;_transform_scale_effect_tablet&quot;:{&quot;unit&quot;:&quot;px&quot;,&quot;size&quot;:&quot;&quot;,&quot;sizes&quot;:[]},&quot;_transform_scale_effect_mobile&quot;:{&quot;unit&quot;:&quot;px&quot;,&quot;size&quot;:&quot;&quot;,&quot;sizes&quot;:[]}}\" data-widget_type=\"image.default\">\n\t\t\t\t<div class=\"elementor-widget-container\">\n\t\t\t\t\t\t\t\t\t\t\t\t\t\t\t<img fetchpriority=\"high\" decoding=\"async\" width=\"1920\" height=\"1277\" src=\"https:\/\/sanabriamatiz.com\/wp-content\/uploads\/2023\/04\/DRE_2992-scaled.jpg\" class=\"attachment-full size-full wp-image-4287\" alt=\"\" srcset=\"https:\/\/sanabriamatiz.com\/wp-content\/uploads\/2023\/04\/DRE_2992-scaled.jpg 1920w, https:\/\/sanabriamatiz.com\/wp-content\/uploads\/2023\/04\/DRE_2992-300x200.jpg 300w, https:\/\/sanabriamatiz.com\/wp-content\/uploads\/2023\/04\/DRE_2992-1024x681.jpg 1024w, https:\/\/sanabriamatiz.com\/wp-content\/uploads\/2023\/04\/DRE_2992-768x511.jpg 768w, https:\/\/sanabriamatiz.com\/wp-content\/uploads\/2023\/04\/DRE_2992-1536x1022.jpg 1536w, https:\/\/sanabriamatiz.com\/wp-content\/uploads\/2023\/04\/DRE_2992-2048x1363.jpg 2048w, https:\/\/sanabriamatiz.com\/wp-content\/uploads\/2023\/04\/DRE_2992-600x399.jpg 600w\" sizes=\"(max-width: 1920px) 100vw, 1920px\" \/>\t\t\t\t\t\t\t\t\t\t\t\t\t\t\t<\/div>\n\t\t\t\t<\/div>\n\t\t\t\t\t<\/div>\n\t\t<\/div>\n\t\t\t\t<div class=\"elementor-column elementor-col-50 elementor-top-column elementor-element elementor-element-0e2bd1f\" data-id=\"0e2bd1f\" data-element_type=\"column\">\n\t\t\t<div class=\"elementor-widget-wrap elementor-element-populated\">\n\t\t\t\t\t\t<div class=\"elementor-element elementor-element-b286b1a elementor-widget elementor-widget-heading\" data-id=\"b286b1a\" data-element_type=\"widget\" data-widget_type=\"heading.default\">\n\t\t\t\t<div class=\"elementor-widget-container\">\n\t\t\t\t\t<h2 class=\"elementor-heading-title elementor-size-default\">Why come to us?\n<\/h2>\t\t\t\t<\/div>\n\t\t\t\t<\/div>\n\t\t\t\t<div class=\"elementor-element elementor-element-3d17167 elementor-widget elementor-widget-text-editor\" data-id=\"3d17167\" data-element_type=\"widget\" data-widget_type=\"text-editor.default\">\n\t\t\t\t<div class=\"elementor-widget-container\">\n\t\t\t\t\t\t\t\t\t<p>For Sanabria Hue, the most important thing is the security of our treatments, which is why it is very important to perform a complete planning of each case based on diagnostic studies such as Computed Axial Tomography scan, CT scan, surgical guides, analysis, prediction and projection of the rehabilitation with the goal of minimizing errors and achieve successful results.<\/p><p>In many cases, it requires techniques of guided bone regeneration, is a substitute or bone graft when there is deficiency of bone which does not allow to place implants.<\/p><p>Today, implant dentistry has many technological advancements and digital, that allow you to schedule these cases for digital-ensuring the accuracy of each treatment.<\/p><p>In Sanabria Hue is our strength Rehabilitation and implantology. We change lives by rebuilding smiles thanks to this specialty.<\/p>\t\t\t\t\t\t\t\t<\/div>\n\t\t\t\t<\/div>\n\t\t\t\t\t<\/div>\n\t\t<\/div>\n\t\t\t\t\t<\/div>\n\t\t<\/section>\n\t\t\t\t<\/div>","protected":false},"excerpt":{"rendered":"<p>Rehabilitaci\u00f3n Oral Implantolog\u00eda Dise\u00f1o de Sonrisa Cirug\u00eda Oral y Maxilofacial Endodoncia Ortodoncia Periodoncia Odontopediatr\u00eda Salud e Higiene Oral Odontolog\u00eda General +57 (602) 2316363 +57 317\u00a07582016 Descargar Informacion del servicio Implantolog\u00eda Est\u00e1s en busca de un servicio de implantolog\u00eda de calidad? \u00bfNecesitas realizarte algunos tratamientos con odontolog\u00eda especializada? En Sanabria Matiz encontrar\u00e1s a los mejores especialistas&#8230;<\/p>","protected":false},"author":1,"featured_media":0,"parent":0,"menu_order":0,"comment_status":"closed","ping_status":"closed","template":"elementor_header_footer","meta":{"_acf_changed":false,"inline_featured_image":false,"_joinchat":[],"footnotes":""},"class_list":["post-3119","page","type-page","status-publish","hentry"],"acf":[],"yoast_head":"<!-- This site is optimized with the Yoast SEO plugin v26.9 - https:\/\/yoast.com\/product\/yoast-seo-wordpress\/ -->\n<title>Implantolog\u00eda - Sanabria Matiz<\/title>\n<meta name=\"robots\" content=\"index, follow, max-snippet:-1, max-image-preview:large, max-video-preview:-1\" \/>\n<link rel=\"canonical\" href=\"https:\/\/sanabriamatiz.com\/en\/implantologia\/\" \/>\n<meta property=\"og:locale\" content=\"en_US\" \/>\n<meta property=\"og:type\" content=\"article\" \/>\n<meta property=\"og:title\" content=\"Implantolog\u00eda - Sanabria Matiz\" \/>\n<meta property=\"og:description\" content=\"Rehabilitaci\u00f3n Oral Implantolog\u00eda Dise\u00f1o de Sonrisa Cirug\u00eda Oral y Maxilofacial Endodoncia Ortodoncia Periodoncia Odontopediatr\u00eda Salud e Higiene Oral Odontolog\u00eda General +57 (602) 2316363 +57 317\u00a07582016 Descargar Informacion del servicio Implantolog\u00eda Est\u00e1s en busca de un servicio de implantolog\u00eda de calidad? \u00bfNecesitas realizarte algunos tratamientos con odontolog\u00eda especializada? En Sanabria Matiz encontrar\u00e1s a los mejores especialistas...\" \/>\n<meta property=\"og:url\" content=\"https:\/\/sanabriamatiz.com\/en\/implantologia\/\" \/>\n<meta property=\"og:site_name\" content=\"Sanabria Matiz\" \/>\n<meta property=\"article:modified_time\" content=\"2023-11-14T22:10:12+00:00\" \/>\n<meta property=\"og:image\" content=\"https:\/\/sanabriamatiz.com\/wp-content\/uploads\/2023\/02\/smiling-female-dentist-dental-clinic-JBF6ZRX.jpg\" \/>\n<meta name=\"twitter:card\" content=\"summary_large_image\" \/>\n<meta name=\"twitter:label1\" content=\"Est. reading time\" \/>\n\t<meta name=\"twitter:data1\" content=\"3 minutes\" \/>\n<script type=\"application\/ld+json\" class=\"yoast-schema-graph\">{\"@context\":\"https:\/\/schema.org\",\"@graph\":[{\"@type\":\"WebPage\",\"@id\":\"https:\/\/sanabriamatiz.com\/implantologia\/\",\"url\":\"https:\/\/sanabriamatiz.com\/implantologia\/\",\"name\":\"Implantolog\u00eda - Sanabria Matiz\",\"isPartOf\":{\"@id\":\"https:\/\/sanabriamatiz.com\/#website\"},\"primaryImageOfPage\":{\"@id\":\"https:\/\/sanabriamatiz.com\/implantologia\/#primaryimage\"},\"image\":{\"@id\":\"https:\/\/sanabriamatiz.com\/implantologia\/#primaryimage\"},\"thumbnailUrl\":\"https:\/\/sanabriamatiz.com\/wp-content\/uploads\/2023\/02\/smiling-female-dentist-dental-clinic-JBF6ZRX.jpg\",\"datePublished\":\"2023-03-08T22:51:35+00:00\",\"dateModified\":\"2023-11-14T22:10:12+00:00\",\"breadcrumb\":{\"@id\":\"https:\/\/sanabriamatiz.com\/implantologia\/#breadcrumb\"},\"inLanguage\":\"en-US\",\"potentialAction\":[{\"@type\":\"ReadAction\",\"target\":[\"https:\/\/sanabriamatiz.com\/implantologia\/\"]}]},{\"@type\":\"ImageObject\",\"inLanguage\":\"en-US\",\"@id\":\"https:\/\/sanabriamatiz.com\/implantologia\/#primaryimage\",\"url\":\"https:\/\/sanabriamatiz.com\/wp-content\/uploads\/2023\/02\/smiling-female-dentist-dental-clinic-JBF6ZRX.jpg\",\"contentUrl\":\"https:\/\/sanabriamatiz.com\/wp-content\/uploads\/2023\/02\/smiling-female-dentist-dental-clinic-JBF6ZRX.jpg\"},{\"@type\":\"BreadcrumbList\",\"@id\":\"https:\/\/sanabriamatiz.com\/implantologia\/#breadcrumb\",\"itemListElement\":[{\"@type\":\"ListItem\",\"position\":1,\"name\":\"Home\",\"item\":\"https:\/\/sanabriamatiz.com\/\"},{\"@type\":\"ListItem\",\"position\":2,\"name\":\"Implantolog\u00eda\"}]},{\"@type\":\"WebSite\",\"@id\":\"https:\/\/sanabriamatiz.com\/#website\",\"url\":\"https:\/\/sanabriamatiz.com\/\",\"name\":\"Sanabria Matiz\",\"description\":\"Especialistas en rehabilitaci\u00f3n oral \",\"potentialAction\":[{\"@type\":\"SearchAction\",\"target\":{\"@type\":\"EntryPoint\",\"urlTemplate\":\"https:\/\/sanabriamatiz.com\/?s={search_term_string}\"},\"query-input\":{\"@type\":\"PropertyValueSpecification\",\"valueRequired\":true,\"valueName\":\"search_term_string\"}}],\"inLanguage\":\"en-US\"}]}<\/script>\n<!-- \/ Yoast SEO plugin. -->","yoast_head_json":{"title":"Implantolog\u00eda - Sanabria Matiz","robots":{"index":"index","follow":"follow","max-snippet":"max-snippet:-1","max-image-preview":"max-image-preview:large","max-video-preview":"max-video-preview:-1"},"canonical":"https:\/\/sanabriamatiz.com\/en\/implantologia\/","og_locale":"en_US","og_type":"article","og_title":"Implantolog\u00eda - Sanabria Matiz","og_description":"Rehabilitaci\u00f3n Oral Implantolog\u00eda Dise\u00f1o de Sonrisa Cirug\u00eda Oral y Maxilofacial Endodoncia Ortodoncia Periodoncia Odontopediatr\u00eda Salud e Higiene Oral Odontolog\u00eda General +57 (602) 2316363 +57 317\u00a07582016 Descargar Informacion del servicio Implantolog\u00eda Est\u00e1s en busca de un servicio de implantolog\u00eda de calidad? \u00bfNecesitas realizarte algunos tratamientos con odontolog\u00eda especializada? En Sanabria Matiz encontrar\u00e1s a los mejores especialistas...","og_url":"https:\/\/sanabriamatiz.com\/en\/implantologia\/","og_site_name":"Sanabria Matiz","article_modified_time":"2023-11-14T22:10:12+00:00","og_image":[{"url":"https:\/\/sanabriamatiz.com\/wp-content\/uploads\/2023\/02\/smiling-female-dentist-dental-clinic-JBF6ZRX.jpg","type":"","width":"","height":""}],"twitter_card":"summary_large_image","twitter_misc":{"Est. reading time":"3 minutes"},"schema":{"@context":"https:\/\/schema.org","@graph":[{"@type":"WebPage","@id":"https:\/\/sanabriamatiz.com\/implantologia\/","url":"https:\/\/sanabriamatiz.com\/implantologia\/","name":"Implantolog\u00eda - Sanabria Matiz","isPartOf":{"@id":"https:\/\/sanabriamatiz.com\/#website"},"primaryImageOfPage":{"@id":"https:\/\/sanabriamatiz.com\/implantologia\/#primaryimage"},"image":{"@id":"https:\/\/sanabriamatiz.com\/implantologia\/#primaryimage"},"thumbnailUrl":"https:\/\/sanabriamatiz.com\/wp-content\/uploads\/2023\/02\/smiling-female-dentist-dental-clinic-JBF6ZRX.jpg","datePublished":"2023-03-08T22:51:35+00:00","dateModified":"2023-11-14T22:10:12+00:00","breadcrumb":{"@id":"https:\/\/sanabriamatiz.com\/implantologia\/#breadcrumb"},"inLanguage":"en-US","potentialAction":[{"@type":"ReadAction","target":["https:\/\/sanabriamatiz.com\/implantologia\/"]}]},{"@type":"ImageObject","inLanguage":"en-US","@id":"https:\/\/sanabriamatiz.com\/implantologia\/#primaryimage","url":"https:\/\/sanabriamatiz.com\/wp-content\/uploads\/2023\/02\/smiling-female-dentist-dental-clinic-JBF6ZRX.jpg","contentUrl":"https:\/\/sanabriamatiz.com\/wp-content\/uploads\/2023\/02\/smiling-female-dentist-dental-clinic-JBF6ZRX.jpg"},{"@type":"BreadcrumbList","@id":"https:\/\/sanabriamatiz.com\/implantologia\/#breadcrumb","itemListElement":[{"@type":"ListItem","position":1,"name":"Home","item":"https:\/\/sanabriamatiz.com\/"},{"@type":"ListItem","position":2,"name":"Implantolog\u00eda"}]},{"@type":"WebSite","@id":"https:\/\/sanabriamatiz.com\/#website","url":"https:\/\/sanabriamatiz.com\/","name":"Sanabria Matiz","description":"Especialistas en rehabilitaci\u00f3n oral ","potentialAction":[{"@type":"SearchAction","target":{"@type":"EntryPoint","urlTemplate":"https:\/\/sanabriamatiz.com\/?s={search_term_string}"},"query-input":{"@type":"PropertyValueSpecification","valueRequired":true,"valueName":"search_term_string"}}],"inLanguage":"en-US"}]}},"_links":{"self":[{"href":"https:\/\/sanabriamatiz.com\/en\/wp-json\/wp\/v2\/pages\/3119","targetHints":{"allow":["GET"]}}],"collection":[{"href":"https:\/\/sanabriamatiz.com\/en\/wp-json\/wp\/v2\/pages"}],"about":[{"href":"https:\/\/sanabriamatiz.com\/en\/wp-json\/wp\/v2\/types\/page"}],"author":[{"embeddable":true,"href":"https:\/\/sanabriamatiz.com\/en\/wp-json\/wp\/v2\/users\/1"}],"replies":[{"embeddable":true,"href":"https:\/\/sanabriamatiz.com\/en\/wp-json\/wp\/v2\/comments?post=3119"}],"version-history":[{"count":56,"href":"https:\/\/sanabriamatiz.com\/en\/wp-json\/wp\/v2\/pages\/3119\/revisions"}],"predecessor-version":[{"id":5808,"href":"https:\/\/sanabriamatiz.com\/en\/wp-json\/wp\/v2\/pages\/3119\/revisions\/5808"}],"wp:attachment":[{"href":"https:\/\/sanabriamatiz.com\/en\/wp-json\/wp\/v2\/media?parent=3119"}],"curies":[{"name":"wp","href":"https:\/\/api.w.org\/{rel}","templated":true}]}}